{"id":655,"date":"2018-01-16T09:29:42","date_gmt":"2018-01-16T08:29:42","guid":{"rendered":"https:\/\/www.brasecurity.se\/effektiva-smarta-och-trygga-sakerhetslosningar\/"},"modified":"2018-12-20T10:55:06","modified_gmt":"2018-12-20T09:55:06","slug":"effektiva-smarta-och-trygga-sakerhetslosningar","status":"publish","type":"page","link":"https:\/\/temp.domoln.com\/no\/","title":{"rendered":"N\u00d8KKELH\u00c5NDTERING, OBJEKTH\u00c5NDTERING OG ALKOL\u00c5S"},"content":{"rendered":"<p>Vi tilbyr bransjens beste helhetsl\u00f8sning \u2013 fra begynnelse til slutt.<\/p>\n","protected":false},"excerpt":{"rendered":"<p>Vi tilbyr bransjens beste helhetsl\u00f8sning \u2013 fra begynnelse til slutt.<\/p>\n","protected":false},"author":5,"featured_media":0,"parent":0,"menu_order":0,"comment_status":"closed","ping_status":"closed","template":"start.php","meta":{"footnotes":""},"acf":[],"yoast_head":"<!-- This site is optimized with the Yoast SEO plugin v21.9.1 - https:\/\/yoast.com\/wordpress\/plugins\/seo\/ -->\n<title>Nyckelhantering - Digitala nyckelsk\u00e5p - Alkol\u00e5s &amp; alkotest - Brightec Security<\/title>\n<meta name=\"robots\" content=\"index, follow, max-snippet:-1, max-image-preview:large, max-video-preview:-1\" \/>\n<link rel=\"canonical\" href=\"https:\/\/temp.domoln.com\/no\/\" \/>\n<meta property=\"og:locale\" content=\"nb_NO\" \/>\n<meta property=\"og:type\" content=\"article\" \/>\n<meta property=\"og:title\" content=\"Nyckelhantering - Digitala nyckelsk\u00e5p - Alkol\u00e5s &amp; alkotest - Brightec Security\" \/>\n<meta property=\"og:description\" content=\"Vi tilbyr bransjens beste helhetsl\u00f8sning \u2013 fra begynnelse til slutt.\" \/>\n<meta property=\"og:url\" content=\"https:\/\/temp.domoln.com\/no\/\" \/>\n<meta property=\"og:site_name\" content=\"Brightec Security\" \/>\n<meta property=\"article:modified_time\" content=\"2018-12-20T09:55:06+00:00\" \/>\n<meta name=\"twitter:card\" content=\"summary_large_image\" \/>\n<script type=\"application\/ld+json\" class=\"yoast-schema-graph\">{\"@context\":\"https:\/\/schema.org\",\"@graph\":[{\"@type\":\"WebPage\",\"@id\":\"https:\/\/temp.domoln.com\/no\/\",\"url\":\"https:\/\/temp.domoln.com\/no\/\",\"name\":\"Nyckelhantering - Digitala nyckelsk\u00e5p - Alkol\u00e5s & alkotest - Brightec Security\",\"isPartOf\":{\"@id\":\"https:\/\/temp.domoln.com\/#website\"},\"datePublished\":\"2018-01-16T08:29:42+00:00\",\"dateModified\":\"2018-12-20T09:55:06+00:00\",\"breadcrumb\":{\"@id\":\"https:\/\/temp.domoln.com\/no\/#breadcrumb\"},\"inLanguage\":\"nb-NO\",\"potentialAction\":[{\"@type\":\"ReadAction\",\"target\":[\"https:\/\/temp.domoln.com\/no\/\"]}]},{\"@type\":\"BreadcrumbList\",\"@id\":\"https:\/\/temp.domoln.com\/no\/#breadcrumb\",\"itemListElement\":[{\"@type\":\"ListItem\",\"position\":1,\"name\":\"Hem\",\"item\":\"https:\/\/temp.domoln.com\/no\/\"},{\"@type\":\"ListItem\",\"position\":2,\"name\":\"N\u00d8KKELH\u00c5NDTERING, OBJEKTH\u00c5NDTERING OG ALKOL\u00c5S\"}]},{\"@type\":\"WebSite\",\"@id\":\"https:\/\/temp.domoln.com\/#website\",\"url\":\"https:\/\/temp.domoln.com\/\",\"name\":\"Brightec Security\",\"description\":\"Tryggare kan ingen vara\",\"potentialAction\":[{\"@type\":\"SearchAction\",\"target\":{\"@type\":\"EntryPoint\",\"urlTemplate\":\"https:\/\/temp.domoln.com\/?s={search_term_string}\"},\"query-input\":\"required name=search_term_string\"}],\"inLanguage\":\"nb-NO\"}]}<\/script>\n<!-- \/ Yoast SEO plugin. -->","yoast_head_json":{"title":"Nyckelhantering - Digitala nyckelsk\u00e5p - Alkol\u00e5s & alkotest - Brightec Security","robots":{"index":"index","follow":"follow","max-snippet":"max-snippet:-1","max-image-preview":"max-image-preview:large","max-video-preview":"max-video-preview:-1"},"canonical":"https:\/\/temp.domoln.com\/no\/","og_locale":"nb_NO","og_type":"article","og_title":"Nyckelhantering - Digitala nyckelsk\u00e5p - Alkol\u00e5s & alkotest - Brightec Security","og_description":"Vi tilbyr bransjens beste helhetsl\u00f8sning \u2013 fra begynnelse til slutt.","og_url":"https:\/\/temp.domoln.com\/no\/","og_site_name":"Brightec Security","article_modified_time":"2018-12-20T09:55:06+00:00","twitter_card":"summary_large_image","schema":{"@context":"https:\/\/schema.org","@graph":[{"@type":"WebPage","@id":"https:\/\/temp.domoln.com\/no\/","url":"https:\/\/temp.domoln.com\/no\/","name":"Nyckelhantering - Digitala nyckelsk\u00e5p - Alkol\u00e5s & alkotest - Brightec Security","isPartOf":{"@id":"https:\/\/temp.domoln.com\/#website"},"datePublished":"2018-01-16T08:29:42+00:00","dateModified":"2018-12-20T09:55:06+00:00","breadcrumb":{"@id":"https:\/\/temp.domoln.com\/no\/#breadcrumb"},"inLanguage":"nb-NO","potentialAction":[{"@type":"ReadAction","target":["https:\/\/temp.domoln.com\/no\/"]}]},{"@type":"BreadcrumbList","@id":"https:\/\/temp.domoln.com\/no\/#breadcrumb","itemListElement":[{"@type":"ListItem","position":1,"name":"Hem","item":"https:\/\/temp.domoln.com\/no\/"},{"@type":"ListItem","position":2,"name":"N\u00d8KKELH\u00c5NDTERING, OBJEKTH\u00c5NDTERING OG ALKOL\u00c5S"}]},{"@type":"WebSite","@id":"https:\/\/temp.domoln.com\/#website","url":"https:\/\/temp.domoln.com\/","name":"Brightec Security","description":"Tryggare kan ingen vara","potentialAction":[{"@type":"SearchAction","target":{"@type":"EntryPoint","urlTemplate":"https:\/\/temp.domoln.com\/?s={search_term_string}"},"query-input":"required name=search_term_string"}],"inLanguage":"nb-NO"}]}},"_links":{"self":[{"href":"https:\/\/temp.domoln.com\/no\/wp-json\/wp\/v2\/pages\/655"}],"collection":[{"href":"https:\/\/temp.domoln.com\/no\/wp-json\/wp\/v2\/pages"}],"about":[{"href":"https:\/\/temp.domoln.com\/no\/wp-json\/wp\/v2\/types\/page"}],"author":[{"embeddable":true,"href":"https:\/\/temp.domoln.com\/no\/wp-json\/wp\/v2\/users\/5"}],"replies":[{"embeddable":true,"href":"https:\/\/temp.domoln.com\/no\/wp-json\/wp\/v2\/comments?post=655"}],"version-history":[{"count":4,"href":"https:\/\/temp.domoln.com\/no\/wp-json\/wp\/v2\/pages\/655\/revisions"}],"predecessor-version":[{"id":749,"href":"https:\/\/temp.domoln.com\/no\/wp-json\/wp\/v2\/pages\/655\/revisions\/749"}],"wp:attachment":[{"href":"https:\/\/temp.domoln.com\/no\/wp-json\/wp\/v2\/media?parent=655"}],"curies":[{"name":"wp","href":"https:\/\/api.w.org\/{rel}","templated":true}]}}