{"id":593,"date":"2018-03-23T14:58:33","date_gmt":"2018-03-23T13:58:33","guid":{"rendered":"https:\/\/www.brasecurity.se\/nyckelinkast\/"},"modified":"2019-01-30T16:10:59","modified_gmt":"2019-01-30T15:10:59","slug":"nyckelinkast","status":"publish","type":"page","link":"https:\/\/temp.domoln.com\/no\/nyckelinkast\/","title":{"rendered":"N\u00f8kkelinnkast for bilforhandlere"},"content":{"rendered":"<p><strong>Deposafe \u2013 sikker deponering av n\u00f8kler gjennom vegg<\/strong><\/p>\n<p><img decoding=\"async\" class=\"alignright wp-image-181 size-medium\" src=\"\/wp-content\/uploads\/2015\/11\/Undersida_bilhandel_700px-300x171.jpg\" alt=\"Nyckelinkast bilhandel\" width=\"300\" height=\"171\" \/>N\u00f8kkelinnkast bilforhandler I den travle hverdagen er det ofte vanskelig for kunden \u00e5 rekke \u00e5 levere inn bilen i den vanlige \u00e5pningstiden. Derfor har bilforhandlere og bilverksteder lenge \u00f8nsket \u00e5 kunne tilby kunden en enkel, men sikker m\u00e5te \u00e5 levere inn bilen p\u00e5, utenom de vanlige \u00e5pningstidene. Dette for \u00e5 gi kunden best mulig service. Utfordringen har samtidig v\u00e6rt \u00e5 kunne opprettholde et h\u00f8yt sikkerhetsniv\u00e5, slik at kundens biln\u00f8kler ikke kommer i feil hender.<\/p>\n<p>David Norrbohm, sjefjurist hos Motorm\u00e4nnens Riksf\u00f6rbund, sier:<\/p>\n<p>&nbsp;<\/p>\n<p><em><i>\u201cIf\u00f8lge forbrukerkj\u00f8psloven har selskapet \u201caktsomhetsplikt\u201d n\u00e5r en biln\u00f8kkel leveres inn. Det betyr at alle bilselskaper plikter \u00e5 ha sikre n\u00f8kkelinnkast hvis de har en ordning for \u00e5 motta biln\u00f8kler etter \u00e5pningstiden. S\u00e5 fort n\u00f8klene er lagt i innkastet, g\u00e5r ansvaret alts\u00e5 over til bilselskapet\u201d.<\/i><\/em><\/p>\n<p>&nbsp;<\/p>\n<p>Dette kan man oppn\u00e5 med det klassifiserte og godkjente n\u00f8kkelinnkastet Deposafe. Med Deposafe forenkles ogs\u00e5 h\u00e5ndteringen av biln\u00f8klene i forbindelse med innlevering av biler. Systemet gir samtidig en sv\u00e6rt sikker deponering av n\u00f8kler d\u00f8gnet rundt.<\/p>\n<p><iframe id=\"fitvid356240\" style=\"width: 100%; min-height: 300px;\" src=\"https:\/\/www.youtube.com\/embed\/wGkjxqKkn7A\" width=\"300\" height=\"150\" frameborder=\"0\" allowfullscreen=\"allowfullscreen\"><\/iframe><\/p>\n<p><strong><img decoding=\"async\" class=\"alignright size-medium wp-image-168\" src=\"http:\/\/79.170.42.2\/brasecurity.se\/wp-content\/uploads\/2015\/11\/holmgrens_bil_logo-300x161.jpg\" sizes=\"(max-width: 300px) 100vw, 300px\" srcset=\"http:\/\/temp.domoln.com\/wp-content\/uploads\/2015\/11\/holmgrens_bil_logo-300x161.jpg 300w, http:\/\/temp.domoln.com\/wp-content\/uploads\/2015\/11\/holmgrens_bil_logo-400x214.jpg 400w, http:\/\/temp.domoln.com\/wp-content\/uploads\/2015\/11\/holmgrens_bil_logo-430x230.jpg 430w, http:\/\/temp.domoln.com\/wp-content\/uploads\/2015\/11\/holmgrens_bil_logo-150x80.jpg 150w, http:\/\/temp.domoln.com\/wp-content\/uploads\/2015\/11\/holmgrens_bil_logo-100x54.jpg 100w, http:\/\/temp.domoln.com\/wp-content\/uploads\/2015\/11\/holmgrens_bil_logo.jpg 480w\" alt=\"holmgrens_bil_logo\" width=\"300\" height=\"161\" \/>Holmgrens Bil \u2013 Forn\u00f8yd kunde siden 2007<br \/>\n<\/strong><\/p>\n<blockquote><p>Holmgrens Bil i J\u00f6nk\u00f6ping er en av v\u00e5re storbrukere n\u00e5r det gjelder v\u00e5rt n\u00f8kkelinnkast \u201dDeposafe\u201d. Deposafe anbefales av flere forsikringsselskaper. Denne deponeringen er sv\u00e6rt sikker og robust, og dessuten sv\u00e6rt lett for kunden \u00e5 bruke.<\/p><\/blockquote>\n","protected":false},"excerpt":{"rendered":"<p>Deposafe \u2013 sikker deponering av n\u00f8kler gjennom vegg N\u00f8kkelinnkast bilforhandler I den travle hverdagen er det ofte vanskelig for kunden \u00e5 rekke \u00e5 levere inn bilen i den vanlige \u00e5pningstiden. &hellip;<\/p>\n","protected":false},"author":5,"featured_media":0,"parent":0,"menu_order":13,"comment_status":"closed","ping_status":"closed","template":"","meta":{"footnotes":""},"acf":[],"yoast_head":"<!-- This site is optimized with the Yoast SEO plugin v21.9.1 - https:\/\/yoast.com\/wordpress\/plugins\/seo\/ -->\n<title>Nyckelinkast f\u00f6r bilhandel \u2013 Nyckelhantering | B.R.A Security AB<\/title>\n<meta name=\"robots\" content=\"index, follow, max-snippet:-1, max-image-preview:large, max-video-preview:-1\" \/>\n<link rel=\"canonical\" href=\"https:\/\/temp.domoln.com\/no\/nyckelinkast\/\" \/>\n<meta property=\"og:locale\" content=\"nb_NO\" \/>\n<meta property=\"og:type\" content=\"article\" \/>\n<meta property=\"og:title\" content=\"Nyckelinkast f\u00f6r bilhandel \u2013 Nyckelhantering | B.R.A Security AB\" \/>\n<meta property=\"og:description\" content=\"Deposafe \u2013 sikker deponering av n\u00f8kler gjennom vegg N\u00f8kkelinnkast bilforhandler I den travle hverdagen er det ofte vanskelig for kunden \u00e5 rekke \u00e5 levere inn bilen i den vanlige \u00e5pningstiden. &hellip;\" \/>\n<meta property=\"og:url\" content=\"https:\/\/temp.domoln.com\/no\/nyckelinkast\/\" \/>\n<meta property=\"og:site_name\" content=\"Brightec Security\" \/>\n<meta property=\"article:modified_time\" content=\"2019-01-30T15:10:59+00:00\" \/>\n<meta property=\"og:image\" content=\"https:\/\/temp.domoln.com\/wp-content\/uploads\/2015\/11\/Undersida_bilhandel_700px-300x171.jpg\" \/>\n<meta name=\"twitter:card\" content=\"summary_large_image\" \/>\n<meta name=\"twitter:label1\" content=\"Ansl. lesetid\" \/>\n\t<meta name=\"twitter:data1\" content=\"1 minutt\" \/>\n<script type=\"application\/ld+json\" class=\"yoast-schema-graph\">{\"@context\":\"https:\/\/schema.org\",\"@graph\":[{\"@type\":\"WebPage\",\"@id\":\"https:\/\/temp.domoln.com\/no\/nyckelinkast\/\",\"url\":\"https:\/\/temp.domoln.com\/no\/nyckelinkast\/\",\"name\":\"Nyckelinkast f\u00f6r bilhandel \u2013 Nyckelhantering | B.R.A Security AB\",\"isPartOf\":{\"@id\":\"https:\/\/temp.domoln.com\/#website\"},\"datePublished\":\"2018-03-23T13:58:33+00:00\",\"dateModified\":\"2019-01-30T15:10:59+00:00\",\"breadcrumb\":{\"@id\":\"https:\/\/temp.domoln.com\/no\/nyckelinkast\/#breadcrumb\"},\"inLanguage\":\"nb-NO\",\"potentialAction\":[{\"@type\":\"ReadAction\",\"target\":[\"https:\/\/temp.domoln.com\/no\/nyckelinkast\/\"]}]},{\"@type\":\"BreadcrumbList\",\"@id\":\"https:\/\/temp.domoln.com\/no\/nyckelinkast\/#breadcrumb\",\"itemListElement\":[{\"@type\":\"ListItem\",\"position\":1,\"name\":\"Hem\",\"item\":\"https:\/\/temp.domoln.com\/no\/\"},{\"@type\":\"ListItem\",\"position\":2,\"name\":\"N\u00f8kkelinnkast for bilforhandlere\"}]},{\"@type\":\"WebSite\",\"@id\":\"https:\/\/temp.domoln.com\/#website\",\"url\":\"https:\/\/temp.domoln.com\/\",\"name\":\"Brightec Security\",\"description\":\"Tryggare kan ingen vara\",\"potentialAction\":[{\"@type\":\"SearchAction\",\"target\":{\"@type\":\"EntryPoint\",\"urlTemplate\":\"https:\/\/temp.domoln.com\/?s={search_term_string}\"},\"query-input\":\"required name=search_term_string\"}],\"inLanguage\":\"nb-NO\"}]}<\/script>\n<!-- \/ Yoast SEO plugin. -->","yoast_head_json":{"title":"Nyckelinkast f\u00f6r bilhandel \u2013 Nyckelhantering | B.R.A Security AB","robots":{"index":"index","follow":"follow","max-snippet":"max-snippet:-1","max-image-preview":"max-image-preview:large","max-video-preview":"max-video-preview:-1"},"canonical":"https:\/\/temp.domoln.com\/no\/nyckelinkast\/","og_locale":"nb_NO","og_type":"article","og_title":"Nyckelinkast f\u00f6r bilhandel \u2013 Nyckelhantering | B.R.A Security AB","og_description":"Deposafe \u2013 sikker deponering av n\u00f8kler gjennom vegg N\u00f8kkelinnkast bilforhandler I den travle hverdagen er det ofte vanskelig for kunden \u00e5 rekke \u00e5 levere inn bilen i den vanlige \u00e5pningstiden. &hellip;","og_url":"https:\/\/temp.domoln.com\/no\/nyckelinkast\/","og_site_name":"Brightec Security","article_modified_time":"2019-01-30T15:10:59+00:00","og_image":[{"url":"https:\/\/temp.domoln.com\/wp-content\/uploads\/2015\/11\/Undersida_bilhandel_700px-300x171.jpg"}],"twitter_card":"summary_large_image","twitter_misc":{"Ansl. lesetid":"1 minutt"},"schema":{"@context":"https:\/\/schema.org","@graph":[{"@type":"WebPage","@id":"https:\/\/temp.domoln.com\/no\/nyckelinkast\/","url":"https:\/\/temp.domoln.com\/no\/nyckelinkast\/","name":"Nyckelinkast f\u00f6r bilhandel \u2013 Nyckelhantering | B.R.A Security AB","isPartOf":{"@id":"https:\/\/temp.domoln.com\/#website"},"datePublished":"2018-03-23T13:58:33+00:00","dateModified":"2019-01-30T15:10:59+00:00","breadcrumb":{"@id":"https:\/\/temp.domoln.com\/no\/nyckelinkast\/#breadcrumb"},"inLanguage":"nb-NO","potentialAction":[{"@type":"ReadAction","target":["https:\/\/temp.domoln.com\/no\/nyckelinkast\/"]}]},{"@type":"BreadcrumbList","@id":"https:\/\/temp.domoln.com\/no\/nyckelinkast\/#breadcrumb","itemListElement":[{"@type":"ListItem","position":1,"name":"Hem","item":"https:\/\/temp.domoln.com\/no\/"},{"@type":"ListItem","position":2,"name":"N\u00f8kkelinnkast for bilforhandlere"}]},{"@type":"WebSite","@id":"https:\/\/temp.domoln.com\/#website","url":"https:\/\/temp.domoln.com\/","name":"Brightec Security","description":"Tryggare kan ingen vara","potentialAction":[{"@type":"SearchAction","target":{"@type":"EntryPoint","urlTemplate":"https:\/\/temp.domoln.com\/?s={search_term_string}"},"query-input":"required name=search_term_string"}],"inLanguage":"nb-NO"}]}},"_links":{"self":[{"href":"https:\/\/temp.domoln.com\/no\/wp-json\/wp\/v2\/pages\/593"}],"collection":[{"href":"https:\/\/temp.domoln.com\/no\/wp-json\/wp\/v2\/pages"}],"about":[{"href":"https:\/\/temp.domoln.com\/no\/wp-json\/wp\/v2\/types\/page"}],"author":[{"embeddable":true,"href":"https:\/\/temp.domoln.com\/no\/wp-json\/wp\/v2\/users\/5"}],"replies":[{"embeddable":true,"href":"https:\/\/temp.domoln.com\/no\/wp-json\/wp\/v2\/comments?post=593"}],"version-history":[{"count":3,"href":"https:\/\/temp.domoln.com\/no\/wp-json\/wp\/v2\/pages\/593\/revisions"}],"predecessor-version":[{"id":794,"href":"https:\/\/temp.domoln.com\/no\/wp-json\/wp\/v2\/pages\/593\/revisions\/794"}],"wp:attachment":[{"href":"https:\/\/temp.domoln.com\/no\/wp-json\/wp\/v2\/media?parent=593"}],"curies":[{"name":"wp","href":"https:\/\/api.w.org\/{rel}","templated":true}]}}