{"id":588,"date":"2018-01-16T09:43:42","date_gmt":"2018-01-16T08:43:42","guid":{"rendered":"https:\/\/www.brasecurity.se\/support\/"},"modified":"2018-12-19T15:53:33","modified_gmt":"2018-12-19T14:53:33","slug":"support","status":"publish","type":"page","link":"https:\/\/temp.domoln.com\/no\/support\/","title":{"rendered":"Support"},"content":{"rendered":"<p>Vi vil ha langsiktige kunderelasjoner, skape tillit mellom oss og kundene samt tilby b\u00e6rekraftige l\u00f8sninger. Derfor jobber vi aktivt med \u00e5 styrke supportavdelingen. Og akkurat som med v\u00e5re sikkerhetsl\u00f8sninger setter vi sammen en supportavtale som er tilpasset din virksomhet og tjenestene du kj\u00f8per av oss.<\/p>\n<p>Du velger selv om virksomheten skal ha tilgang til support d\u00f8gnet rundt, eller om det holder \u00e5 kunne n\u00e5 oss mellom 08.00 og 16.00. I v\u00e5re serviceavtaler inng\u00e5r reservedeler, og vi hjelper til ved h\u00e6rverk og tekniske problemer. Vi er alltid p\u00e5 plass innen 12 arbeidstimer.<\/p>\n<p>Dere m\u00e5 gjerne ringe oss p\u00e5 <a href=\"tel:+46585599500\">+46 (0)585-59 95 00<\/a> eller bruke supportskjemaet nedenfor. Dere kan ogs\u00e5 logge inn til h\u00f8yre for \u00e5 komme til supportsidene.<\/p>\n<p>En viktig del av virksomheten, og noe vi er alene om i bransjen, er at kundene alltid f\u00e5r snakke med en person. I stedet for \u00e5 lytte til en forh\u00e5ndsinnspilt melding. V\u00e5re supportteknikere har bygget seg opp en bred kompetanse og hjelper til med \u00e5 l\u00f8se enklere problemer direkte p\u00e5 telefon. Dette er noe flere av kundene setter pris p\u00e5, ikke minst fordi det blir billigere med f\u00e6rre utrykninger. Med \u00f8kt kunnskap om systemene \u00e5pner vi ogs\u00e5 for at kundene lettere kan l\u00f8se mange problemer selv.<\/p>\n<p>Hvis du heller \u00f8nsker support via e-post, ordner vi selvsagt det ogs\u00e5. Legg gjerne med bilder av problemet eller skaden, s\u00e5 blir det lettere for oss \u00e5 hjelpe deg.<\/p>\n<p>Ved hver implementering s\u00f8rger vi for \u00e5 v\u00e6re behjelpelige, da vi vet at det tar tid \u00e5 l\u00e6re seg nye systemer pluss at det alltid er en risiko for at teknologien skaper kr\u00f8ll f\u00f8r man har kommet inn i rutinen. I v\u00e5re serviceavtaler inng\u00e5r ogs\u00e5 rutinekontroller der vi kj\u00f8rer ut og vedlikeholder systemene, slik at de holder lenger.<\/p>\n","protected":false},"excerpt":{"rendered":"<p>Vi vil ha langsiktige kunderelasjoner, skape tillit mellom oss og kundene samt tilby b\u00e6rekraftige l\u00f8sninger. Derfor jobber vi aktivt med \u00e5 styrke supportavdelingen. Og akkurat som med v\u00e5re sikkerhetsl\u00f8sninger setter &hellip;<\/p>\n","protected":false},"author":5,"featured_media":0,"parent":0,"menu_order":80,"comment_status":"closed","ping_status":"closed","template":"support.php","meta":{"footnotes":""},"acf":[],"yoast_head":"<!-- This site is optimized with the Yoast SEO plugin v21.9.1 - https:\/\/yoast.com\/wordpress\/plugins\/seo\/ -->\n<title>Support - Brightec Security<\/title>\n<meta name=\"robots\" content=\"index, follow, max-snippet:-1, max-image-preview:large, max-video-preview:-1\" \/>\n<link rel=\"canonical\" href=\"https:\/\/temp.domoln.com\/no\/support\/\" \/>\n<meta property=\"og:locale\" content=\"nb_NO\" \/>\n<meta property=\"og:type\" content=\"article\" \/>\n<meta property=\"og:title\" content=\"Support - Brightec Security\" \/>\n<meta property=\"og:description\" content=\"Vi vil ha langsiktige kunderelasjoner, skape tillit mellom oss og kundene samt tilby b\u00e6rekraftige l\u00f8sninger. Derfor jobber vi aktivt med \u00e5 styrke supportavdelingen. Og akkurat som med v\u00e5re sikkerhetsl\u00f8sninger setter &hellip;\" \/>\n<meta property=\"og:url\" content=\"https:\/\/temp.domoln.com\/no\/support\/\" \/>\n<meta property=\"og:site_name\" content=\"Brightec Security\" \/>\n<meta property=\"article:modified_time\" content=\"2018-12-19T14:53:33+00:00\" \/>\n<meta name=\"twitter:card\" content=\"summary_large_image\" \/>\n<meta name=\"twitter:label1\" content=\"Ansl. lesetid\" \/>\n\t<meta name=\"twitter:data1\" content=\"2 minutter\" \/>\n<script type=\"application\/ld+json\" class=\"yoast-schema-graph\">{\"@context\":\"https:\/\/schema.org\",\"@graph\":[{\"@type\":\"WebPage\",\"@id\":\"https:\/\/temp.domoln.com\/no\/support\/\",\"url\":\"https:\/\/temp.domoln.com\/no\/support\/\",\"name\":\"Support - Brightec Security\",\"isPartOf\":{\"@id\":\"https:\/\/temp.domoln.com\/#website\"},\"datePublished\":\"2018-01-16T08:43:42+00:00\",\"dateModified\":\"2018-12-19T14:53:33+00:00\",\"breadcrumb\":{\"@id\":\"https:\/\/temp.domoln.com\/no\/support\/#breadcrumb\"},\"inLanguage\":\"nb-NO\",\"potentialAction\":[{\"@type\":\"ReadAction\",\"target\":[\"https:\/\/temp.domoln.com\/no\/support\/\"]}]},{\"@type\":\"BreadcrumbList\",\"@id\":\"https:\/\/temp.domoln.com\/no\/support\/#breadcrumb\",\"itemListElement\":[{\"@type\":\"ListItem\",\"position\":1,\"name\":\"Hem\",\"item\":\"https:\/\/temp.domoln.com\/no\/\"},{\"@type\":\"ListItem\",\"position\":2,\"name\":\"Support\"}]},{\"@type\":\"WebSite\",\"@id\":\"https:\/\/temp.domoln.com\/#website\",\"url\":\"https:\/\/temp.domoln.com\/\",\"name\":\"Brightec Security\",\"description\":\"Tryggare kan ingen vara\",\"potentialAction\":[{\"@type\":\"SearchAction\",\"target\":{\"@type\":\"EntryPoint\",\"urlTemplate\":\"https:\/\/temp.domoln.com\/?s={search_term_string}\"},\"query-input\":\"required name=search_term_string\"}],\"inLanguage\":\"nb-NO\"}]}<\/script>\n<!-- \/ Yoast SEO plugin. -->","yoast_head_json":{"title":"Support - Brightec Security","robots":{"index":"index","follow":"follow","max-snippet":"max-snippet:-1","max-image-preview":"max-image-preview:large","max-video-preview":"max-video-preview:-1"},"canonical":"https:\/\/temp.domoln.com\/no\/support\/","og_locale":"nb_NO","og_type":"article","og_title":"Support - Brightec Security","og_description":"Vi vil ha langsiktige kunderelasjoner, skape tillit mellom oss og kundene samt tilby b\u00e6rekraftige l\u00f8sninger. Derfor jobber vi aktivt med \u00e5 styrke supportavdelingen. Og akkurat som med v\u00e5re sikkerhetsl\u00f8sninger setter &hellip;","og_url":"https:\/\/temp.domoln.com\/no\/support\/","og_site_name":"Brightec Security","article_modified_time":"2018-12-19T14:53:33+00:00","twitter_card":"summary_large_image","twitter_misc":{"Ansl. lesetid":"2 minutter"},"schema":{"@context":"https:\/\/schema.org","@graph":[{"@type":"WebPage","@id":"https:\/\/temp.domoln.com\/no\/support\/","url":"https:\/\/temp.domoln.com\/no\/support\/","name":"Support - Brightec Security","isPartOf":{"@id":"https:\/\/temp.domoln.com\/#website"},"datePublished":"2018-01-16T08:43:42+00:00","dateModified":"2018-12-19T14:53:33+00:00","breadcrumb":{"@id":"https:\/\/temp.domoln.com\/no\/support\/#breadcrumb"},"inLanguage":"nb-NO","potentialAction":[{"@type":"ReadAction","target":["https:\/\/temp.domoln.com\/no\/support\/"]}]},{"@type":"BreadcrumbList","@id":"https:\/\/temp.domoln.com\/no\/support\/#breadcrumb","itemListElement":[{"@type":"ListItem","position":1,"name":"Hem","item":"https:\/\/temp.domoln.com\/no\/"},{"@type":"ListItem","position":2,"name":"Support"}]},{"@type":"WebSite","@id":"https:\/\/temp.domoln.com\/#website","url":"https:\/\/temp.domoln.com\/","name":"Brightec Security","description":"Tryggare kan ingen vara","potentialAction":[{"@type":"SearchAction","target":{"@type":"EntryPoint","urlTemplate":"https:\/\/temp.domoln.com\/?s={search_term_string}"},"query-input":"required name=search_term_string"}],"inLanguage":"nb-NO"}]}},"_links":{"self":[{"href":"https:\/\/temp.domoln.com\/no\/wp-json\/wp\/v2\/pages\/588"}],"collection":[{"href":"https:\/\/temp.domoln.com\/no\/wp-json\/wp\/v2\/pages"}],"about":[{"href":"https:\/\/temp.domoln.com\/no\/wp-json\/wp\/v2\/types\/page"}],"author":[{"embeddable":true,"href":"https:\/\/temp.domoln.com\/no\/wp-json\/wp\/v2\/users\/5"}],"replies":[{"embeddable":true,"href":"https:\/\/temp.domoln.com\/no\/wp-json\/wp\/v2\/comments?post=588"}],"version-history":[{"count":3,"href":"https:\/\/temp.domoln.com\/no\/wp-json\/wp\/v2\/pages\/588\/revisions"}],"predecessor-version":[{"id":669,"href":"https:\/\/temp.domoln.com\/no\/wp-json\/wp\/v2\/pages\/588\/revisions\/669"}],"wp:attachment":[{"href":"https:\/\/temp.domoln.com\/no\/wp-json\/wp\/v2\/media?parent=588"}],"curies":[{"name":"wp","href":"https:\/\/api.w.org\/{rel}","templated":true}]}}