{"id":581,"date":"2018-01-16T09:34:06","date_gmt":"2018-01-16T08:34:06","guid":{"rendered":"https:\/\/www.brasecurity.se\/alkol%c3%a5s\/"},"modified":"2021-04-07T10:51:51","modified_gmt":"2021-04-07T08:51:51","slug":"alkol%c3%a5s","status":"publish","type":"page","link":"https:\/\/temp.domoln.com\/no\/alkol%c3%a5s\/","title":{"rendered":"Alkol\u00e5s"},"content":{"rendered":"<p>Alkol\u00e5s brukes innen en rekke ulike bransjer. Du har sikkert sett yrkessj\u00e5f\u00f8rer bruke dem f\u00f8r de starter kj\u00f8ret\u00f8yet, men v\u00e5re systemer fungere litt annerledes. Her brukes det en stasjon\u00e6r alkom\u00e5ler, med eller uten munnstykke, som aktiveres ved hjelp av en ID-brikke. Vi har alts\u00e5 valgt \u00e5 flytte kontrollen fra kj\u00f8ret\u00f8yet til kontoret. En stor og viktig fordel med dette er at personell med utrykningskj\u00f8ret\u00f8y og sm\u00e5 tidsmarginer, ikke p\u00e5virkes av systemet.<\/p>\n<p>Noen av kundene som bruker v\u00e5re alkol\u00e5sterminaler, arbeider i:<\/p>\n<ul>\n<li>taxiselskaper<\/li>\n<li>busselskaper<\/li>\n<li><a href=\"http:\/\/temp.domoln.com\/no\/alkol%c3%a5s\/utryckningstjanst\/\">redningstjenesten<\/a><\/li>\n<li>eller innen transportn\u00e6ringen<\/li>\n<\/ul>\n<p><img decoding=\"async\" class=\"alignright size-medium wp-image-225\" src=\"http:\/\/temp.domoln.com\/wp-content\/uploads\/2018\/03\/alkolas-200x300.jpg\" alt=\"\" width=\"200\" height=\"300\" srcset=\"https:\/\/temp.domoln.com\/wp-content\/uploads\/2018\/03\/alkolas-200x300.jpg 200w, https:\/\/temp.domoln.com\/wp-content\/uploads\/2018\/03\/alkolas.jpg 500w\" sizes=\"(max-width: 200px) 100vw, 200px\" \/>Alkol\u00e5sterminalen gj\u00f8r det enkelt og effektivt for selskapene \u00e5 promilleteste alle medarbeidere og dermed forebygge alkoholrelaterte ulykker og skader.<\/p>\n<p>Promilletest<\/p>\n<p>For oss handler promilletester om kvalitetssikring, proaktivitet, ansvar og trygghet. Vi jobber aktivt for \u00e5 styrke ulike bransjer, b\u00e5de internt og eksternt. Med en stasjon\u00e6r alkol\u00e5s skaper man en trygg arbeidsplass som viser ansvar utad.<\/p>\n<p>Med v\u00e5re alkol\u00e5ser kan du raskt oppdage alkoholrelaterte problemer p\u00e5 arbeidsplassen. Dermed kan du h\u00e5ndtere problemet p\u00e5 en diskr\u00e9 m\u00e5te i en tidlig fase.Ved \u00e5 koble alkol\u00e5sen til v\u00e5re <a href=\"http:\/\/temp.domoln.com\/no\/nyckelsk%c3%a5p\/\">elektroniske n\u00f8kkelskap<\/a> unng\u00e5r man ogs\u00e5 at p\u00e5virkede personer kommer ut i trafikken.<\/p>\n<p>Promilletester har ogs\u00e5 blitt popul\u00e6rt i forbindelse med n\u00e6rv\u00e6rssystemer, rotasjonsgrinder og industriomr\u00e5der som laster og losser gods. Dette er viktig da alle som oppholder seg p\u00e5 en arbeidsplass, er underlagt sjefens ansvar, ogs\u00e5 utenforst\u00e5ende sj\u00e5f\u00f8rer.<\/p>\n<p>&nbsp;<\/p>\n<p>Se hvordan Region G\u00e4vleborg og deres ambulansesykepleiere bruker systemet v\u00e5rt.<\/p>\n<iframe width='425' height='344' src='\/\/www.youtube.com\/embed\/4q_Y68dOPVQ?autoplay=0&loop=0&rel=0' frameborder='0' allowfullscreen><\/iframe>\n","protected":false},"excerpt":{"rendered":"<p>Alkol\u00e5s brukes innen en rekke ulike bransjer. Du har sikkert sett yrkessj\u00e5f\u00f8rer bruke dem f\u00f8r de starter kj\u00f8ret\u00f8yet, men v\u00e5re systemer fungere litt annerledes. Her brukes det en stasjon\u00e6r alkom\u00e5ler, &hellip;<\/p>\n","protected":false},"author":5,"featured_media":0,"parent":0,"menu_order":40,"comment_status":"closed","ping_status":"closed","template":"","meta":{"footnotes":""},"acf":[],"yoast_head":"<!-- This site is optimized with the Yoast SEO plugin v21.9.1 - https:\/\/yoast.com\/wordpress\/plugins\/seo\/ -->\n<title>Alkol\u00e5s &amp; professionellt alkotest - Brightec Security<\/title>\n<meta name=\"robots\" content=\"index, follow, max-snippet:-1, max-image-preview:large, max-video-preview:-1\" \/>\n<link rel=\"canonical\" href=\"https:\/\/temp.domoln.com\/no\/alkol\u00e5s\/\" \/>\n<meta property=\"og:locale\" content=\"nb_NO\" \/>\n<meta property=\"og:type\" content=\"article\" \/>\n<meta property=\"og:title\" content=\"Alkol\u00e5s &amp; professionellt alkotest - Brightec Security\" \/>\n<meta property=\"og:description\" content=\"Alkol\u00e5s brukes innen en rekke ulike bransjer. Du har sikkert sett yrkessj\u00e5f\u00f8rer bruke dem f\u00f8r de starter kj\u00f8ret\u00f8yet, men v\u00e5re systemer fungere litt annerledes. Her brukes det en stasjon\u00e6r alkom\u00e5ler, &hellip;\" \/>\n<meta property=\"og:url\" content=\"https:\/\/temp.domoln.com\/no\/alkol\u00e5s\/\" \/>\n<meta property=\"og:site_name\" content=\"Brightec Security\" \/>\n<meta property=\"article:modified_time\" content=\"2021-04-07T08:51:51+00:00\" \/>\n<meta property=\"og:image\" content=\"http:\/\/temp.domoln.com\/wp-content\/uploads\/2018\/03\/alkolas-200x300.jpg\" \/>\n<meta name=\"twitter:card\" content=\"summary_large_image\" \/>\n<meta name=\"twitter:label1\" content=\"Ansl. lesetid\" \/>\n\t<meta name=\"twitter:data1\" content=\"1 minutt\" \/>\n<script type=\"application\/ld+json\" class=\"yoast-schema-graph\">{\"@context\":\"https:\/\/schema.org\",\"@graph\":[{\"@type\":\"WebPage\",\"@id\":\"https:\/\/temp.domoln.com\/no\/alkol%c3%a5s\/\",\"url\":\"https:\/\/temp.domoln.com\/no\/alkol%c3%a5s\/\",\"name\":\"Alkol\u00e5s & professionellt alkotest - Brightec Security\",\"isPartOf\":{\"@id\":\"https:\/\/temp.domoln.com\/#website\"},\"datePublished\":\"2018-01-16T08:34:06+00:00\",\"dateModified\":\"2021-04-07T08:51:51+00:00\",\"breadcrumb\":{\"@id\":\"https:\/\/temp.domoln.com\/no\/alkol%c3%a5s\/#breadcrumb\"},\"inLanguage\":\"nb-NO\",\"potentialAction\":[{\"@type\":\"ReadAction\",\"target\":[\"https:\/\/temp.domoln.com\/no\/alkol%c3%a5s\/\"]}]},{\"@type\":\"BreadcrumbList\",\"@id\":\"https:\/\/temp.domoln.com\/no\/alkol%c3%a5s\/#breadcrumb\",\"itemListElement\":[{\"@type\":\"ListItem\",\"position\":1,\"name\":\"Hem\",\"item\":\"https:\/\/temp.domoln.com\/no\/\"},{\"@type\":\"ListItem\",\"position\":2,\"name\":\"Alkol\u00e5s\"}]},{\"@type\":\"WebSite\",\"@id\":\"https:\/\/temp.domoln.com\/#website\",\"url\":\"https:\/\/temp.domoln.com\/\",\"name\":\"Brightec Security\",\"description\":\"Tryggare kan ingen vara\",\"potentialAction\":[{\"@type\":\"SearchAction\",\"target\":{\"@type\":\"EntryPoint\",\"urlTemplate\":\"https:\/\/temp.domoln.com\/?s={search_term_string}\"},\"query-input\":\"required name=search_term_string\"}],\"inLanguage\":\"nb-NO\"}]}<\/script>\n<!-- \/ Yoast SEO plugin. -->","yoast_head_json":{"title":"Alkol\u00e5s & professionellt alkotest - Brightec Security","robots":{"index":"index","follow":"follow","max-snippet":"max-snippet:-1","max-image-preview":"max-image-preview:large","max-video-preview":"max-video-preview:-1"},"canonical":"https:\/\/temp.domoln.com\/no\/alkol\u00e5s\/","og_locale":"nb_NO","og_type":"article","og_title":"Alkol\u00e5s & professionellt alkotest - Brightec Security","og_description":"Alkol\u00e5s brukes innen en rekke ulike bransjer. Du har sikkert sett yrkessj\u00e5f\u00f8rer bruke dem f\u00f8r de starter kj\u00f8ret\u00f8yet, men v\u00e5re systemer fungere litt annerledes. Her brukes det en stasjon\u00e6r alkom\u00e5ler, &hellip;","og_url":"https:\/\/temp.domoln.com\/no\/alkol\u00e5s\/","og_site_name":"Brightec Security","article_modified_time":"2021-04-07T08:51:51+00:00","og_image":[{"url":"http:\/\/temp.domoln.com\/wp-content\/uploads\/2018\/03\/alkolas-200x300.jpg"}],"twitter_card":"summary_large_image","twitter_misc":{"Ansl. lesetid":"1 minutt"},"schema":{"@context":"https:\/\/schema.org","@graph":[{"@type":"WebPage","@id":"https:\/\/temp.domoln.com\/no\/alkol%c3%a5s\/","url":"https:\/\/temp.domoln.com\/no\/alkol%c3%a5s\/","name":"Alkol\u00e5s & professionellt alkotest - Brightec Security","isPartOf":{"@id":"https:\/\/temp.domoln.com\/#website"},"datePublished":"2018-01-16T08:34:06+00:00","dateModified":"2021-04-07T08:51:51+00:00","breadcrumb":{"@id":"https:\/\/temp.domoln.com\/no\/alkol%c3%a5s\/#breadcrumb"},"inLanguage":"nb-NO","potentialAction":[{"@type":"ReadAction","target":["https:\/\/temp.domoln.com\/no\/alkol%c3%a5s\/"]}]},{"@type":"BreadcrumbList","@id":"https:\/\/temp.domoln.com\/no\/alkol%c3%a5s\/#breadcrumb","itemListElement":[{"@type":"ListItem","position":1,"name":"Hem","item":"https:\/\/temp.domoln.com\/no\/"},{"@type":"ListItem","position":2,"name":"Alkol\u00e5s"}]},{"@type":"WebSite","@id":"https:\/\/temp.domoln.com\/#website","url":"https:\/\/temp.domoln.com\/","name":"Brightec Security","description":"Tryggare kan ingen vara","potentialAction":[{"@type":"SearchAction","target":{"@type":"EntryPoint","urlTemplate":"https:\/\/temp.domoln.com\/?s={search_term_string}"},"query-input":"required name=search_term_string"}],"inLanguage":"nb-NO"}]}},"_links":{"self":[{"href":"https:\/\/temp.domoln.com\/no\/wp-json\/wp\/v2\/pages\/581"}],"collection":[{"href":"https:\/\/temp.domoln.com\/no\/wp-json\/wp\/v2\/pages"}],"about":[{"href":"https:\/\/temp.domoln.com\/no\/wp-json\/wp\/v2\/types\/page"}],"author":[{"embeddable":true,"href":"https:\/\/temp.domoln.com\/no\/wp-json\/wp\/v2\/users\/5"}],"replies":[{"embeddable":true,"href":"https:\/\/temp.domoln.com\/no\/wp-json\/wp\/v2\/comments?post=581"}],"version-history":[{"count":5,"href":"https:\/\/temp.domoln.com\/no\/wp-json\/wp\/v2\/pages\/581\/revisions"}],"predecessor-version":[{"id":1309,"href":"https:\/\/temp.domoln.com\/no\/wp-json\/wp\/v2\/pages\/581\/revisions\/1309"}],"wp:attachment":[{"href":"https:\/\/temp.domoln.com\/no\/wp-json\/wp\/v2\/media?parent=581"}],"curies":[{"name":"wp","href":"https:\/\/api.w.org\/{rel}","templated":true}]}}