{"id":536,"date":"2018-06-01T12:14:18","date_gmt":"2018-06-01T10:14:18","guid":{"rendered":"https:\/\/www.brasecurity.se\/nyckelhantering\/aldrevard\/"},"modified":"2018-12-19T10:50:57","modified_gmt":"2018-12-19T09:50:57","slug":"aldrevard","status":"publish","type":"page","link":"https:\/\/temp.domoln.com\/no\/nyckelhantering\/aldrevard\/","title":{"rendered":"N\u00f8kkelh\u00e5ndtering for eldreomsorg"},"content":{"rendered":"<p><img decoding=\"async\" class=\"size-medium wp-image-289 alignright\" src=\"http:\/\/temp.domoln.com\/wp-content\/uploads\/2018\/06\/Aeldrev-rd-700px-300x171.jpg\" alt=\"\" width=\"300\" height=\"171\" srcset=\"https:\/\/temp.domoln.com\/wp-content\/uploads\/2018\/06\/Aeldrev-rd-700px-300x171.jpg 300w, https:\/\/temp.domoln.com\/wp-content\/uploads\/2018\/06\/Aeldrev-rd-700px.jpg 700w\" sizes=\"(max-width: 300px) 100vw, 300px\" \/><\/p>\n<p>V\u00e5re eldre medborgere, som har v\u00e6rt med p\u00e5 \u00e5 bygge dette fantastiske landet, har rett til en trygg og god eldreomsorg, mener vi. Vi har i \u00e5renes l\u00f8p truffet mange i eldreomsorgen som med stort hjerte og engasjement pleier de eldre p\u00e5 en fantastisk m\u00e5te!<\/p>\n<p>Utfordringen for omsorgsarbeiderne er imidlertid stor, og tidspress ligger ofte bak det h\u00f8ye stressniv\u00e5et de mange ganger opplever.<\/p>\n<p>En manuell n\u00f8kkelh\u00e5ndtering blir fort altfor tidkrevende. Arbeidstid som i stedet kunne v\u00e6rt brukt til \u00e5 gi de eldre bedre omsorg.<\/p>\n<p>Ved \u00e5 g\u00e5 over til en automatisert n\u00f8kkelh\u00e5ndtering, kan man frigj\u00f8re verdifull arbeidstid som i stedet kan brukes til noe bedre. P\u00e5 denne m\u00e5ten bidrar en automatisert n\u00f8kkelh\u00e5ndtering til \u00e5 redusere stresset for personalet og gi mer tid til \u00e5 gi omsorgen de brenner for \u00e5 gi til de eldre.<\/p>\n<p>Vi hjelper kundene med \u00e5 skape orden og ryddighet i n\u00f8kkelh\u00e5ndteringen. En sikker og trygg h\u00e5ndtering med sporbarhet p\u00e5 n\u00f8kkelniv\u00e5 og brukerniv\u00e5 gir kundene full kontroll over alle n\u00f8klene som h\u00e5ndteres i den daglige virksomheten.<\/p>\n<blockquote><p><strong><img decoding=\"async\" class=\"alignright size-medium wp-image-173\" src=\"https:\/\/web.archive.org\/web\/20161108154847im_\/http:\/\/79.170.42.2\/brasecurity.se\/wp-content\/uploads\/2015\/10\/Lidingoe-stad_logo-300x150.jpeg\" sizes=\"(max-width: 300px) 100vw, 300px\" srcset=\"https:\/\/web.archive.org\/web\/20161108154847im_\/http:\/\/temp.domoln.com\/wp-content\/uploads\/2015\/10\/Lidingoe-stad_logo-300x150.jpeg 300w, https:\/\/web.archive.org\/web\/20161108154847im_\/http:\/\/temp.domoln.com\/wp-content\/uploads\/2015\/10\/Lidingoe-stad_logo-150x75.jpeg 150w, https:\/\/web.archive.org\/web\/20161108154847im_\/http:\/\/temp.domoln.com\/wp-content\/uploads\/2015\/10\/Lidingoe-stad_logo-100x50.jpeg 100w, https:\/\/web.archive.org\/web\/20161108154847im_\/http:\/\/temp.domoln.com\/wp-content\/uploads\/2015\/10\/Lidingoe-stad_logo.jpeg 360w\" alt=\"Liding\u00f6 stad_logo\" width=\"300\" height=\"150\" \/><\/strong><\/p>\n<p><strong>Liding\u00f6 kommune \u2013 Forn\u00f8yd kunde siden 2006<\/strong><\/p>\n<p>Siden 2006 har vi hatt et sv\u00e6rt tett og godt samarbeid med Liding\u00f6 kommune. De oppbevarer og h\u00e5ndterer flere tusen n\u00f8kler i v\u00e5re smarte n\u00f8kkelskap. Og alt er smidig integrert i kommunens nettverk!<\/p><\/blockquote>\n","protected":false},"excerpt":{"rendered":"<p>V\u00e5re eldre medborgere, som har v\u00e6rt med p\u00e5 \u00e5 bygge dette fantastiske landet, har rett til en trygg og god eldreomsorg, mener vi. Vi har i \u00e5renes l\u00f8p truffet mange &hellip;<\/p>\n","protected":false},"author":5,"featured_media":0,"parent":501,"menu_order":0,"comment_status":"closed","ping_status":"closed","template":"","meta":{"footnotes":""},"acf":[],"yoast_head":"<!-- This site is optimized with the Yoast SEO plugin v21.9.1 - https:\/\/yoast.com\/wordpress\/plugins\/seo\/ -->\n<title>N\u00f8kkelh\u00e5ndtering for eldreomsorg - Brightec Security<\/title>\n<meta name=\"robots\" content=\"index, follow, max-snippet:-1, max-image-preview:large, max-video-preview:-1\" \/>\n<link rel=\"canonical\" href=\"https:\/\/temp.domoln.com\/no\/nyckelhantering\/aldrevard\/\" \/>\n<meta property=\"og:locale\" content=\"nb_NO\" \/>\n<meta property=\"og:type\" content=\"article\" \/>\n<meta property=\"og:title\" content=\"N\u00f8kkelh\u00e5ndtering for eldreomsorg - Brightec Security\" \/>\n<meta property=\"og:description\" content=\"V\u00e5re eldre medborgere, som har v\u00e6rt med p\u00e5 \u00e5 bygge dette fantastiske landet, har rett til en trygg og god eldreomsorg, mener vi. Vi har i \u00e5renes l\u00f8p truffet mange &hellip;\" \/>\n<meta property=\"og:url\" content=\"https:\/\/temp.domoln.com\/no\/nyckelhantering\/aldrevard\/\" \/>\n<meta property=\"og:site_name\" content=\"Brightec Security\" \/>\n<meta property=\"article:modified_time\" content=\"2018-12-19T09:50:57+00:00\" \/>\n<meta property=\"og:image\" content=\"http:\/\/temp.domoln.com\/wp-content\/uploads\/2018\/06\/Aeldrev-rd-700px-300x171.jpg\" \/>\n<meta name=\"twitter:card\" content=\"summary_large_image\" \/>\n<meta name=\"twitter:label1\" content=\"Ansl. lesetid\" \/>\n\t<meta name=\"twitter:data1\" content=\"1 minutt\" \/>\n<script type=\"application\/ld+json\" class=\"yoast-schema-graph\">{\"@context\":\"https:\/\/schema.org\",\"@graph\":[{\"@type\":\"WebPage\",\"@id\":\"https:\/\/temp.domoln.com\/no\/nyckelhantering\/aldrevard\/\",\"url\":\"https:\/\/temp.domoln.com\/no\/nyckelhantering\/aldrevard\/\",\"name\":\"N\u00f8kkelh\u00e5ndtering for eldreomsorg - Brightec Security\",\"isPartOf\":{\"@id\":\"https:\/\/temp.domoln.com\/#website\"},\"datePublished\":\"2018-06-01T10:14:18+00:00\",\"dateModified\":\"2018-12-19T09:50:57+00:00\",\"breadcrumb\":{\"@id\":\"https:\/\/temp.domoln.com\/no\/nyckelhantering\/aldrevard\/#breadcrumb\"},\"inLanguage\":\"nb-NO\",\"potentialAction\":[{\"@type\":\"ReadAction\",\"target\":[\"https:\/\/temp.domoln.com\/no\/nyckelhantering\/aldrevard\/\"]}]},{\"@type\":\"BreadcrumbList\",\"@id\":\"https:\/\/temp.domoln.com\/no\/nyckelhantering\/aldrevard\/#breadcrumb\",\"itemListElement\":[{\"@type\":\"ListItem\",\"position\":1,\"name\":\"Hem\",\"item\":\"https:\/\/temp.domoln.com\/no\/\"},{\"@type\":\"ListItem\",\"position\":2,\"name\":\"N\u00f8kkelh\u00e5ndtering\",\"item\":\"https:\/\/temp.domoln.com\/no\/nyckelhantering\/\"},{\"@type\":\"ListItem\",\"position\":3,\"name\":\"N\u00f8kkelh\u00e5ndtering for eldreomsorg\"}]},{\"@type\":\"WebSite\",\"@id\":\"https:\/\/temp.domoln.com\/#website\",\"url\":\"https:\/\/temp.domoln.com\/\",\"name\":\"Brightec Security\",\"description\":\"Tryggare kan ingen vara\",\"potentialAction\":[{\"@type\":\"SearchAction\",\"target\":{\"@type\":\"EntryPoint\",\"urlTemplate\":\"https:\/\/temp.domoln.com\/?s={search_term_string}\"},\"query-input\":\"required name=search_term_string\"}],\"inLanguage\":\"nb-NO\"}]}<\/script>\n<!-- \/ Yoast SEO plugin. -->","yoast_head_json":{"title":"N\u00f8kkelh\u00e5ndtering for eldreomsorg - Brightec Security","robots":{"index":"index","follow":"follow","max-snippet":"max-snippet:-1","max-image-preview":"max-image-preview:large","max-video-preview":"max-video-preview:-1"},"canonical":"https:\/\/temp.domoln.com\/no\/nyckelhantering\/aldrevard\/","og_locale":"nb_NO","og_type":"article","og_title":"N\u00f8kkelh\u00e5ndtering for eldreomsorg - Brightec Security","og_description":"V\u00e5re eldre medborgere, som har v\u00e6rt med p\u00e5 \u00e5 bygge dette fantastiske landet, har rett til en trygg og god eldreomsorg, mener vi. Vi har i \u00e5renes l\u00f8p truffet mange &hellip;","og_url":"https:\/\/temp.domoln.com\/no\/nyckelhantering\/aldrevard\/","og_site_name":"Brightec Security","article_modified_time":"2018-12-19T09:50:57+00:00","og_image":[{"url":"http:\/\/temp.domoln.com\/wp-content\/uploads\/2018\/06\/Aeldrev-rd-700px-300x171.jpg"}],"twitter_card":"summary_large_image","twitter_misc":{"Ansl. lesetid":"1 minutt"},"schema":{"@context":"https:\/\/schema.org","@graph":[{"@type":"WebPage","@id":"https:\/\/temp.domoln.com\/no\/nyckelhantering\/aldrevard\/","url":"https:\/\/temp.domoln.com\/no\/nyckelhantering\/aldrevard\/","name":"N\u00f8kkelh\u00e5ndtering for eldreomsorg - Brightec Security","isPartOf":{"@id":"https:\/\/temp.domoln.com\/#website"},"datePublished":"2018-06-01T10:14:18+00:00","dateModified":"2018-12-19T09:50:57+00:00","breadcrumb":{"@id":"https:\/\/temp.domoln.com\/no\/nyckelhantering\/aldrevard\/#breadcrumb"},"inLanguage":"nb-NO","potentialAction":[{"@type":"ReadAction","target":["https:\/\/temp.domoln.com\/no\/nyckelhantering\/aldrevard\/"]}]},{"@type":"BreadcrumbList","@id":"https:\/\/temp.domoln.com\/no\/nyckelhantering\/aldrevard\/#breadcrumb","itemListElement":[{"@type":"ListItem","position":1,"name":"Hem","item":"https:\/\/temp.domoln.com\/no\/"},{"@type":"ListItem","position":2,"name":"N\u00f8kkelh\u00e5ndtering","item":"https:\/\/temp.domoln.com\/no\/nyckelhantering\/"},{"@type":"ListItem","position":3,"name":"N\u00f8kkelh\u00e5ndtering for eldreomsorg"}]},{"@type":"WebSite","@id":"https:\/\/temp.domoln.com\/#website","url":"https:\/\/temp.domoln.com\/","name":"Brightec Security","description":"Tryggare kan ingen vara","potentialAction":[{"@type":"SearchAction","target":{"@type":"EntryPoint","urlTemplate":"https:\/\/temp.domoln.com\/?s={search_term_string}"},"query-input":"required name=search_term_string"}],"inLanguage":"nb-NO"}]}},"_links":{"self":[{"href":"https:\/\/temp.domoln.com\/no\/wp-json\/wp\/v2\/pages\/536"}],"collection":[{"href":"https:\/\/temp.domoln.com\/no\/wp-json\/wp\/v2\/pages"}],"about":[{"href":"https:\/\/temp.domoln.com\/no\/wp-json\/wp\/v2\/types\/page"}],"author":[{"embeddable":true,"href":"https:\/\/temp.domoln.com\/no\/wp-json\/wp\/v2\/users\/5"}],"replies":[{"embeddable":true,"href":"https:\/\/temp.domoln.com\/no\/wp-json\/wp\/v2\/comments?post=536"}],"version-history":[{"count":2,"href":"https:\/\/temp.domoln.com\/no\/wp-json\/wp\/v2\/pages\/536\/revisions"}],"predecessor-version":[{"id":539,"href":"https:\/\/temp.domoln.com\/no\/wp-json\/wp\/v2\/pages\/536\/revisions\/539"}],"up":[{"embeddable":true,"href":"https:\/\/temp.domoln.com\/no\/wp-json\/wp\/v2\/pages\/501"}],"wp:attachment":[{"href":"https:\/\/temp.domoln.com\/no\/wp-json\/wp\/v2\/media?parent=536"}],"curies":[{"name":"wp","href":"https:\/\/api.w.org\/{rel}","templated":true}]}}