{"id":532,"date":"2018-06-01T12:16:55","date_gmt":"2018-06-01T10:16:55","guid":{"rendered":"https:\/\/www.brasecurity.se\/nyckelhantering\/energibolag\/"},"modified":"2018-12-19T10:47:37","modified_gmt":"2018-12-19T09:47:37","slug":"energibolag","status":"publish","type":"page","link":"https:\/\/temp.domoln.com\/no\/nyckelhantering\/energibolag\/","title":{"rendered":"N\u00f8kkelh\u00e5ndtering for energiselskaper"},"content":{"rendered":"<p>Energiselskaper h\u00e5ndterer som regel et stort antall n\u00f8kler, b\u00e5de egne n\u00f8kler og ikke minst viktige kunden\u00f8kler. Sikkerhet, orden og ryddighet er n\u00f8kkelord som det er viktig \u00e5 leve opp til n\u00e5r det gjelder oppbevaring og h\u00e5ndtering av n\u00f8kler, og ved \u00e5 bruke et elektronisk n\u00f8kkelh\u00e5ndteringssystem, kan man oppn\u00e5 dette. Med orden og ryddighet oppn\u00e5r man h\u00f8yere effektivitet, og tidsbesparelsen blir som regel sv\u00e6rt stor. Vi kan hjelpe deg med \u00e5 f\u00e5 kontroll over n\u00f8klene og andre objekter som brukes av flere personer. Dette er noe alle tjener p\u00e5!<\/p>\n<blockquote><p><strong><img decoding=\"async\" class=\"alignright size-full wp-image-165\" src=\"https:\/\/web.archive.org\/web\/20161108162631im_\/http:\/\/79.170.42.2\/brasecurity.se\/wp-content\/uploads\/2015\/11\/piteenergi-logo.jpg\" sizes=\"(max-width: 254px) 100vw, 254px\" srcset=\"https:\/\/web.archive.org\/web\/20161108162631im_\/http:\/\/temp.domoln.com\/wp-content\/uploads\/2015\/11\/piteenergi-logo-100x41.jpg 100w, https:\/\/web.archive.org\/web\/20161108162631im_\/http:\/\/temp.domoln.com\/wp-content\/uploads\/2015\/11\/piteenergi-logo.jpg 254w\" alt=\"piteenergi logo\" width=\"254\" height=\"104\" \/><\/strong><\/p>\n<p><strong>PiteEnergi \u2013 Forn\u00f8yd kunde siden 2010<\/strong><\/p>\n<p>PiteEnergi har siden 2010 brukt v\u00e5rt n\u00f8kkelh\u00e5ndteringssystem ecos plus.<\/p><\/blockquote>\n","protected":false},"excerpt":{"rendered":"<p>Energiselskaper h\u00e5ndterer som regel et stort antall n\u00f8kler, b\u00e5de egne n\u00f8kler og ikke minst viktige kunden\u00f8kler. Sikkerhet, orden og ryddighet er n\u00f8kkelord som det er viktig \u00e5 leve opp til &hellip;<\/p>\n","protected":false},"author":5,"featured_media":0,"parent":501,"menu_order":0,"comment_status":"closed","ping_status":"closed","template":"","meta":{"footnotes":""},"acf":[],"yoast_head":"<!-- This site is optimized with the Yoast SEO plugin v21.9.1 - https:\/\/yoast.com\/wordpress\/plugins\/seo\/ -->\n<title>N\u00f8kkelh\u00e5ndtering for energiselskaper - Brightec Security<\/title>\n<meta name=\"robots\" content=\"index, follow, max-snippet:-1, max-image-preview:large, max-video-preview:-1\" \/>\n<link rel=\"canonical\" href=\"https:\/\/temp.domoln.com\/no\/nyckelhantering\/energibolag\/\" \/>\n<meta property=\"og:locale\" content=\"nb_NO\" \/>\n<meta property=\"og:type\" content=\"article\" \/>\n<meta property=\"og:title\" content=\"N\u00f8kkelh\u00e5ndtering for energiselskaper - Brightec Security\" \/>\n<meta property=\"og:description\" content=\"Energiselskaper h\u00e5ndterer som regel et stort antall n\u00f8kler, b\u00e5de egne n\u00f8kler og ikke minst viktige kunden\u00f8kler. Sikkerhet, orden og ryddighet er n\u00f8kkelord som det er viktig \u00e5 leve opp til &hellip;\" \/>\n<meta property=\"og:url\" content=\"https:\/\/temp.domoln.com\/no\/nyckelhantering\/energibolag\/\" \/>\n<meta property=\"og:site_name\" content=\"Brightec Security\" \/>\n<meta property=\"article:modified_time\" content=\"2018-12-19T09:47:37+00:00\" \/>\n<meta property=\"og:image\" content=\"https:\/\/web.archive.org\/web\/20161108162631im_\/http:\/\/79.170.42.2\/brasecurity.se\/wp-content\/uploads\/2015\/11\/piteenergi-logo.jpg\" \/>\n<meta name=\"twitter:card\" content=\"summary_large_image\" \/>\n<meta name=\"twitter:label1\" content=\"Ansl. lesetid\" \/>\n\t<meta name=\"twitter:data1\" content=\"1 minutt\" \/>\n<script type=\"application\/ld+json\" class=\"yoast-schema-graph\">{\"@context\":\"https:\/\/schema.org\",\"@graph\":[{\"@type\":\"WebPage\",\"@id\":\"https:\/\/temp.domoln.com\/no\/nyckelhantering\/energibolag\/\",\"url\":\"https:\/\/temp.domoln.com\/no\/nyckelhantering\/energibolag\/\",\"name\":\"N\u00f8kkelh\u00e5ndtering for energiselskaper - Brightec Security\",\"isPartOf\":{\"@id\":\"https:\/\/temp.domoln.com\/#website\"},\"datePublished\":\"2018-06-01T10:16:55+00:00\",\"dateModified\":\"2018-12-19T09:47:37+00:00\",\"breadcrumb\":{\"@id\":\"https:\/\/temp.domoln.com\/no\/nyckelhantering\/energibolag\/#breadcrumb\"},\"inLanguage\":\"nb-NO\",\"potentialAction\":[{\"@type\":\"ReadAction\",\"target\":[\"https:\/\/temp.domoln.com\/no\/nyckelhantering\/energibolag\/\"]}]},{\"@type\":\"BreadcrumbList\",\"@id\":\"https:\/\/temp.domoln.com\/no\/nyckelhantering\/energibolag\/#breadcrumb\",\"itemListElement\":[{\"@type\":\"ListItem\",\"position\":1,\"name\":\"Hem\",\"item\":\"https:\/\/temp.domoln.com\/no\/\"},{\"@type\":\"ListItem\",\"position\":2,\"name\":\"N\u00f8kkelh\u00e5ndtering\",\"item\":\"https:\/\/temp.domoln.com\/no\/nyckelhantering\/\"},{\"@type\":\"ListItem\",\"position\":3,\"name\":\"N\u00f8kkelh\u00e5ndtering for energiselskaper\"}]},{\"@type\":\"WebSite\",\"@id\":\"https:\/\/temp.domoln.com\/#website\",\"url\":\"https:\/\/temp.domoln.com\/\",\"name\":\"Brightec Security\",\"description\":\"Tryggare kan ingen vara\",\"potentialAction\":[{\"@type\":\"SearchAction\",\"target\":{\"@type\":\"EntryPoint\",\"urlTemplate\":\"https:\/\/temp.domoln.com\/?s={search_term_string}\"},\"query-input\":\"required name=search_term_string\"}],\"inLanguage\":\"nb-NO\"}]}<\/script>\n<!-- \/ Yoast SEO plugin. -->","yoast_head_json":{"title":"N\u00f8kkelh\u00e5ndtering for energiselskaper - Brightec Security","robots":{"index":"index","follow":"follow","max-snippet":"max-snippet:-1","max-image-preview":"max-image-preview:large","max-video-preview":"max-video-preview:-1"},"canonical":"https:\/\/temp.domoln.com\/no\/nyckelhantering\/energibolag\/","og_locale":"nb_NO","og_type":"article","og_title":"N\u00f8kkelh\u00e5ndtering for energiselskaper - Brightec Security","og_description":"Energiselskaper h\u00e5ndterer som regel et stort antall n\u00f8kler, b\u00e5de egne n\u00f8kler og ikke minst viktige kunden\u00f8kler. Sikkerhet, orden og ryddighet er n\u00f8kkelord som det er viktig \u00e5 leve opp til &hellip;","og_url":"https:\/\/temp.domoln.com\/no\/nyckelhantering\/energibolag\/","og_site_name":"Brightec Security","article_modified_time":"2018-12-19T09:47:37+00:00","og_image":[{"url":"https:\/\/web.archive.org\/web\/20161108162631im_\/http:\/\/79.170.42.2\/brasecurity.se\/wp-content\/uploads\/2015\/11\/piteenergi-logo.jpg"}],"twitter_card":"summary_large_image","twitter_misc":{"Ansl. lesetid":"1 minutt"},"schema":{"@context":"https:\/\/schema.org","@graph":[{"@type":"WebPage","@id":"https:\/\/temp.domoln.com\/no\/nyckelhantering\/energibolag\/","url":"https:\/\/temp.domoln.com\/no\/nyckelhantering\/energibolag\/","name":"N\u00f8kkelh\u00e5ndtering for energiselskaper - Brightec Security","isPartOf":{"@id":"https:\/\/temp.domoln.com\/#website"},"datePublished":"2018-06-01T10:16:55+00:00","dateModified":"2018-12-19T09:47:37+00:00","breadcrumb":{"@id":"https:\/\/temp.domoln.com\/no\/nyckelhantering\/energibolag\/#breadcrumb"},"inLanguage":"nb-NO","potentialAction":[{"@type":"ReadAction","target":["https:\/\/temp.domoln.com\/no\/nyckelhantering\/energibolag\/"]}]},{"@type":"BreadcrumbList","@id":"https:\/\/temp.domoln.com\/no\/nyckelhantering\/energibolag\/#breadcrumb","itemListElement":[{"@type":"ListItem","position":1,"name":"Hem","item":"https:\/\/temp.domoln.com\/no\/"},{"@type":"ListItem","position":2,"name":"N\u00f8kkelh\u00e5ndtering","item":"https:\/\/temp.domoln.com\/no\/nyckelhantering\/"},{"@type":"ListItem","position":3,"name":"N\u00f8kkelh\u00e5ndtering for energiselskaper"}]},{"@type":"WebSite","@id":"https:\/\/temp.domoln.com\/#website","url":"https:\/\/temp.domoln.com\/","name":"Brightec Security","description":"Tryggare kan ingen vara","potentialAction":[{"@type":"SearchAction","target":{"@type":"EntryPoint","urlTemplate":"https:\/\/temp.domoln.com\/?s={search_term_string}"},"query-input":"required name=search_term_string"}],"inLanguage":"nb-NO"}]}},"_links":{"self":[{"href":"https:\/\/temp.domoln.com\/no\/wp-json\/wp\/v2\/pages\/532"}],"collection":[{"href":"https:\/\/temp.domoln.com\/no\/wp-json\/wp\/v2\/pages"}],"about":[{"href":"https:\/\/temp.domoln.com\/no\/wp-json\/wp\/v2\/types\/page"}],"author":[{"embeddable":true,"href":"https:\/\/temp.domoln.com\/no\/wp-json\/wp\/v2\/users\/5"}],"replies":[{"embeddable":true,"href":"https:\/\/temp.domoln.com\/no\/wp-json\/wp\/v2\/comments?post=532"}],"version-history":[{"count":2,"href":"https:\/\/temp.domoln.com\/no\/wp-json\/wp\/v2\/pages\/532\/revisions"}],"predecessor-version":[{"id":535,"href":"https:\/\/temp.domoln.com\/no\/wp-json\/wp\/v2\/pages\/532\/revisions\/535"}],"up":[{"embeddable":true,"href":"https:\/\/temp.domoln.com\/no\/wp-json\/wp\/v2\/pages\/501"}],"wp:attachment":[{"href":"https:\/\/temp.domoln.com\/no\/wp-json\/wp\/v2\/media?parent=532"}],"curies":[{"name":"wp","href":"https:\/\/api.w.org\/{rel}","templated":true}]}}