{"id":529,"date":"2018-06-01T12:10:16","date_gmt":"2018-06-01T10:10:16","guid":{"rendered":"https:\/\/www.brasecurity.se\/nyckelhantering\/fastighet\/"},"modified":"2018-12-19T10:44:15","modified_gmt":"2018-12-19T09:44:15","slug":"fastighet","status":"publish","type":"page","link":"https:\/\/temp.domoln.com\/no\/nyckelhantering\/fastighet\/","title":{"rendered":"N\u00f8kkelh\u00e5ndtering for eiendomsforvaltning"},"content":{"rendered":"<p><img decoding=\"async\" class=\"alignright size-medium wp-image-180\" src=\"https:\/\/web.archive.org\/web\/20161108160047im_\/http:\/\/79.170.42.2\/brasecurity.se\/wp-content\/uploads\/2015\/10\/Undersida_fastighetsfoervaltning_700px-300x171.jpg\" sizes=\"(max-width: 300px) 100vw, 300px\" srcset=\"https:\/\/web.archive.org\/web\/20161108160047im_\/http:\/\/temp.domoln.com\/wp-content\/uploads\/2015\/10\/Undersida_fastighetsfoervaltning_700px-300x171.jpg 300w, https:\/\/web.archive.org\/web\/20161108160047im_\/http:\/\/temp.domoln.com\/wp-content\/uploads\/2015\/10\/Undersida_fastighetsfoervaltning_700px-100x57.jpg 100w, https:\/\/web.archive.org\/web\/20161108160047im_\/http:\/\/temp.domoln.com\/wp-content\/uploads\/2015\/10\/Undersida_fastighetsfoervaltning_700px.jpg 700w\" alt=\"Undersida_fastighetsf\u00f6rvaltning_700px\" width=\"300\" height=\"171\" \/><\/p>\n<p>Det kan v\u00e6re en stor utfordring \u00e5 skape en sikker oppbevaring av et stort antall viktig n\u00f8kkelknipper. Det kan v\u00e6re minst like utfordrende \u00e5 finne en praktisk l\u00f8sning for utlevering og innlevering av n\u00f8kler til h\u00e5ndverkere eller andre servicearbeidere.<\/p>\n<p>L\u00e5ser og tilh\u00f8rende n\u00f8kler spiller en viktig rolle i den daglige sikkerheten i selskapet. Det er derfor sv\u00e6rt viktig med en effektiv n\u00f8kkelh\u00e5ndtering.<\/p>\n<p>I selskaper der et ti- og hundretall n\u00f8kler leveres ut og inn hver dag, kan registreringen av n\u00f8kler v\u00e6re en sv\u00e6rt tidkrevende og vanskelig oppgave. Samtidig er det i mange tilfeller dessverre ogs\u00e5 en n\u00f8dvendig oppgave, for \u00e5 begrense risikoen for tap og tyveri.<\/p>\n<p>Vi kan tilby en rekke ulike l\u00f8sninger som kraftig forenkler og effektiviserer n\u00f8kkelh\u00e5ndteringen. Ta kontakt, s\u00e5 hjelper vi deg!<\/p>\n<blockquote><p><strong><img decoding=\"async\" class=\"alignright size-medium wp-image-176\" src=\"https:\/\/web.archive.org\/web\/20161108160047im_\/http:\/\/79.170.42.2\/brasecurity.se\/wp-content\/uploads\/2015\/10\/HSB_logo-300x290.png\" sizes=\"(max-width: 300px) 100vw, 300px\" srcset=\"https:\/\/web.archive.org\/web\/20161108160047im_\/http:\/\/temp.domoln.com\/wp-content\/uploads\/2015\/10\/HSB_logo-300x290.png 300w, https:\/\/web.archive.org\/web\/20161108160047im_\/http:\/\/temp.domoln.com\/wp-content\/uploads\/2015\/10\/HSB_logo-400x387.png 400w, https:\/\/web.archive.org\/web\/20161108160047im_\/http:\/\/temp.domoln.com\/wp-content\/uploads\/2015\/10\/HSB_logo-150x145.png 150w, https:\/\/web.archive.org\/web\/20161108160047im_\/http:\/\/temp.domoln.com\/wp-content\/uploads\/2015\/10\/HSB_logo.png 427w\" alt=\"HSB_logo\" width=\"300\" height=\"290\" \/><\/strong><\/p>\n<p><strong>Forn\u00f8yd kunde siden 2015<\/strong><\/p>\n<p>HSB bruker v\u00e5rt mest sikre og avanserte n\u00f8kkelh\u00e5ndteringssystem CaptureTech KeyConductor SS3492.<\/p><\/blockquote>\n","protected":false},"excerpt":{"rendered":"<p>Det kan v\u00e6re en stor utfordring \u00e5 skape en sikker oppbevaring av et stort antall viktig n\u00f8kkelknipper. Det kan v\u00e6re minst like utfordrende \u00e5 finne en praktisk l\u00f8sning for utlevering &hellip;<\/p>\n","protected":false},"author":5,"featured_media":0,"parent":501,"menu_order":0,"comment_status":"closed","ping_status":"closed","template":"","meta":{"footnotes":""},"acf":[],"yoast_head":"<!-- This site is optimized with the Yoast SEO plugin v21.9.1 - https:\/\/yoast.com\/wordpress\/plugins\/seo\/ -->\n<title>Nyckelhantering f\u00f6r Fastighetsf\u00f6rvaltning - Brightec Security<\/title>\n<meta name=\"robots\" content=\"index, follow, max-snippet:-1, max-image-preview:large, max-video-preview:-1\" \/>\n<link rel=\"canonical\" href=\"https:\/\/temp.domoln.com\/no\/nyckelhantering\/fastighet\/\" \/>\n<meta property=\"og:locale\" content=\"nb_NO\" \/>\n<meta property=\"og:type\" content=\"article\" \/>\n<meta property=\"og:title\" content=\"Nyckelhantering f\u00f6r Fastighetsf\u00f6rvaltning - Brightec Security\" \/>\n<meta property=\"og:description\" content=\"Det kan v\u00e6re en stor utfordring \u00e5 skape en sikker oppbevaring av et stort antall viktig n\u00f8kkelknipper. Det kan v\u00e6re minst like utfordrende \u00e5 finne en praktisk l\u00f8sning for utlevering &hellip;\" \/>\n<meta property=\"og:url\" content=\"https:\/\/temp.domoln.com\/no\/nyckelhantering\/fastighet\/\" \/>\n<meta property=\"og:site_name\" content=\"Brightec Security\" \/>\n<meta property=\"article:modified_time\" content=\"2018-12-19T09:44:15+00:00\" \/>\n<meta property=\"og:image\" content=\"https:\/\/web.archive.org\/web\/20161108160047im_\/http:\/\/79.170.42.2\/brasecurity.se\/wp-content\/uploads\/2015\/10\/Undersida_fastighetsfoervaltning_700px-300x171.jpg\" \/>\n<meta name=\"twitter:card\" content=\"summary_large_image\" \/>\n<meta name=\"twitter:label1\" content=\"Ansl. lesetid\" \/>\n\t<meta name=\"twitter:data1\" content=\"1 minutt\" \/>\n<script type=\"application\/ld+json\" class=\"yoast-schema-graph\">{\"@context\":\"https:\/\/schema.org\",\"@graph\":[{\"@type\":\"WebPage\",\"@id\":\"https:\/\/temp.domoln.com\/no\/nyckelhantering\/fastighet\/\",\"url\":\"https:\/\/temp.domoln.com\/no\/nyckelhantering\/fastighet\/\",\"name\":\"Nyckelhantering f\u00f6r Fastighetsf\u00f6rvaltning - Brightec Security\",\"isPartOf\":{\"@id\":\"https:\/\/temp.domoln.com\/#website\"},\"datePublished\":\"2018-06-01T10:10:16+00:00\",\"dateModified\":\"2018-12-19T09:44:15+00:00\",\"breadcrumb\":{\"@id\":\"https:\/\/temp.domoln.com\/no\/nyckelhantering\/fastighet\/#breadcrumb\"},\"inLanguage\":\"nb-NO\",\"potentialAction\":[{\"@type\":\"ReadAction\",\"target\":[\"https:\/\/temp.domoln.com\/no\/nyckelhantering\/fastighet\/\"]}]},{\"@type\":\"BreadcrumbList\",\"@id\":\"https:\/\/temp.domoln.com\/no\/nyckelhantering\/fastighet\/#breadcrumb\",\"itemListElement\":[{\"@type\":\"ListItem\",\"position\":1,\"name\":\"Hem\",\"item\":\"https:\/\/temp.domoln.com\/no\/\"},{\"@type\":\"ListItem\",\"position\":2,\"name\":\"N\u00f8kkelh\u00e5ndtering\",\"item\":\"https:\/\/temp.domoln.com\/no\/nyckelhantering\/\"},{\"@type\":\"ListItem\",\"position\":3,\"name\":\"N\u00f8kkelh\u00e5ndtering for eiendomsforvaltning\"}]},{\"@type\":\"WebSite\",\"@id\":\"https:\/\/temp.domoln.com\/#website\",\"url\":\"https:\/\/temp.domoln.com\/\",\"name\":\"Brightec Security\",\"description\":\"Tryggare kan ingen vara\",\"potentialAction\":[{\"@type\":\"SearchAction\",\"target\":{\"@type\":\"EntryPoint\",\"urlTemplate\":\"https:\/\/temp.domoln.com\/?s={search_term_string}\"},\"query-input\":\"required name=search_term_string\"}],\"inLanguage\":\"nb-NO\"}]}<\/script>\n<!-- \/ Yoast SEO plugin. -->","yoast_head_json":{"title":"Nyckelhantering f\u00f6r Fastighetsf\u00f6rvaltning - Brightec Security","robots":{"index":"index","follow":"follow","max-snippet":"max-snippet:-1","max-image-preview":"max-image-preview:large","max-video-preview":"max-video-preview:-1"},"canonical":"https:\/\/temp.domoln.com\/no\/nyckelhantering\/fastighet\/","og_locale":"nb_NO","og_type":"article","og_title":"Nyckelhantering f\u00f6r Fastighetsf\u00f6rvaltning - Brightec Security","og_description":"Det kan v\u00e6re en stor utfordring \u00e5 skape en sikker oppbevaring av et stort antall viktig n\u00f8kkelknipper. Det kan v\u00e6re minst like utfordrende \u00e5 finne en praktisk l\u00f8sning for utlevering &hellip;","og_url":"https:\/\/temp.domoln.com\/no\/nyckelhantering\/fastighet\/","og_site_name":"Brightec Security","article_modified_time":"2018-12-19T09:44:15+00:00","og_image":[{"url":"https:\/\/web.archive.org\/web\/20161108160047im_\/http:\/\/79.170.42.2\/brasecurity.se\/wp-content\/uploads\/2015\/10\/Undersida_fastighetsfoervaltning_700px-300x171.jpg"}],"twitter_card":"summary_large_image","twitter_misc":{"Ansl. lesetid":"1 minutt"},"schema":{"@context":"https:\/\/schema.org","@graph":[{"@type":"WebPage","@id":"https:\/\/temp.domoln.com\/no\/nyckelhantering\/fastighet\/","url":"https:\/\/temp.domoln.com\/no\/nyckelhantering\/fastighet\/","name":"Nyckelhantering f\u00f6r Fastighetsf\u00f6rvaltning - Brightec Security","isPartOf":{"@id":"https:\/\/temp.domoln.com\/#website"},"datePublished":"2018-06-01T10:10:16+00:00","dateModified":"2018-12-19T09:44:15+00:00","breadcrumb":{"@id":"https:\/\/temp.domoln.com\/no\/nyckelhantering\/fastighet\/#breadcrumb"},"inLanguage":"nb-NO","potentialAction":[{"@type":"ReadAction","target":["https:\/\/temp.domoln.com\/no\/nyckelhantering\/fastighet\/"]}]},{"@type":"BreadcrumbList","@id":"https:\/\/temp.domoln.com\/no\/nyckelhantering\/fastighet\/#breadcrumb","itemListElement":[{"@type":"ListItem","position":1,"name":"Hem","item":"https:\/\/temp.domoln.com\/no\/"},{"@type":"ListItem","position":2,"name":"N\u00f8kkelh\u00e5ndtering","item":"https:\/\/temp.domoln.com\/no\/nyckelhantering\/"},{"@type":"ListItem","position":3,"name":"N\u00f8kkelh\u00e5ndtering for eiendomsforvaltning"}]},{"@type":"WebSite","@id":"https:\/\/temp.domoln.com\/#website","url":"https:\/\/temp.domoln.com\/","name":"Brightec Security","description":"Tryggare kan ingen vara","potentialAction":[{"@type":"SearchAction","target":{"@type":"EntryPoint","urlTemplate":"https:\/\/temp.domoln.com\/?s={search_term_string}"},"query-input":"required name=search_term_string"}],"inLanguage":"nb-NO"}]}},"_links":{"self":[{"href":"https:\/\/temp.domoln.com\/no\/wp-json\/wp\/v2\/pages\/529"}],"collection":[{"href":"https:\/\/temp.domoln.com\/no\/wp-json\/wp\/v2\/pages"}],"about":[{"href":"https:\/\/temp.domoln.com\/no\/wp-json\/wp\/v2\/types\/page"}],"author":[{"embeddable":true,"href":"https:\/\/temp.domoln.com\/no\/wp-json\/wp\/v2\/users\/5"}],"replies":[{"embeddable":true,"href":"https:\/\/temp.domoln.com\/no\/wp-json\/wp\/v2\/comments?post=529"}],"version-history":[{"count":2,"href":"https:\/\/temp.domoln.com\/no\/wp-json\/wp\/v2\/pages\/529\/revisions"}],"predecessor-version":[{"id":531,"href":"https:\/\/temp.domoln.com\/no\/wp-json\/wp\/v2\/pages\/529\/revisions\/531"}],"up":[{"embeddable":true,"href":"https:\/\/temp.domoln.com\/no\/wp-json\/wp\/v2\/pages\/501"}],"wp:attachment":[{"href":"https:\/\/temp.domoln.com\/no\/wp-json\/wp\/v2\/media?parent=529"}],"curies":[{"name":"wp","href":"https:\/\/api.w.org\/{rel}","templated":true}]}}