{"id":527,"date":"2018-12-19T10:36:38","date_gmt":"2018-12-19T09:36:38","guid":{"rendered":"https:\/\/www.brasecurity.se\/?page_id=527"},"modified":"2018-12-19T10:36:38","modified_gmt":"2018-12-19T09:36:38","slug":"utrykningstjenesten","status":"publish","type":"page","link":"https:\/\/temp.domoln.com\/no\/alkol%c3%a5s\/utrykningstjenesten\/","title":{"rendered":"Utrykningstjenesten"},"content":{"rendered":"<p><strong>For din og andres trygghet<\/strong><\/p>\n<p><img decoding=\"async\" class=\"alignright size-medium wp-image-182\" src=\"http:\/\/79.170.42.2\/brasecurity.se\/wp-content\/uploads\/2015\/11\/Undersida_Utryckningstjaenst_700px-300x171.jpg\" sizes=\"(max-width: 300px) 100vw, 300px\" srcset=\"http:\/\/temp.domoln.com\/wp-content\/uploads\/2015\/11\/Undersida_Utryckningstjaenst_700px-300x171.jpg 300w, http:\/\/temp.domoln.com\/wp-content\/uploads\/2015\/11\/Undersida_Utryckningstjaenst_700px-400x229.jpg 400w, http:\/\/temp.domoln.com\/wp-content\/uploads\/2015\/11\/Undersida_Utryckningstjaenst_700px-430x246.jpg 430w, http:\/\/temp.domoln.com\/wp-content\/uploads\/2015\/11\/Undersida_Utryckningstjaenst_700px-150x86.jpg 150w, http:\/\/temp.domoln.com\/wp-content\/uploads\/2015\/11\/Undersida_Utryckningstjaenst_700px-100x57.jpg 100w, http:\/\/temp.domoln.com\/wp-content\/uploads\/2015\/11\/Undersida_Utryckningstjaenst_700px.jpg 700w\" alt=\"Undersida_Utryckningstj\u00e4nst_700px\" width=\"300\" height=\"171\" \/><\/p>\n<p>Med alkol\u00e5sterminalen f\u00e5r dere automatiserte alkotester der det hver dag sikres at alle medarbeidere er edru f\u00f8r de starter p\u00e5 arbeidet. Det skaper trygghet for s\u00e5 vel personalet som for medtrafikanter og pasienter.<\/p>\n<p><strong>Enkelt, sikkert og effektivt<\/strong><br \/>\nIngen trenger lenger bruke tid p\u00e5 \u00e5 finne og be medarbeidere ta en ut\u00e5ndingstest i en b\u00e6rbar alkotester. Med en stasjon\u00e6r alkol\u00e5sterminal kan man skape enkle rutiner der alle medarbeidere tar en ut\u00e5ndingstest f\u00f8r de begynner p\u00e5 arbeids\u00f8kten. Positive ut\u00e5ndingstester rapporteres umiddelbart til ansvarlig arbeidsleder eller en annen overordnet via e-post og\/eller SMS.<\/p>\n<p><strong>Hva sier kundene?<\/strong><\/p>\n<blockquote><p>\u201cDette gjelder alle som jobber hos oss og p\u00e5 enheten, ogs\u00e5 meg og helsepersonalet n\u00e5r de l\u00e5ner et kj\u00f8ret\u00f8y for \u00e5 dra p\u00e5 kurs eller annen oppl\u00e6ring\u201d.<\/p><\/blockquote>\n<p><strong>\u2013 \u00c5ke Gustafsson, ambulansesjef ved universitetssykehuset i \u00d6rebro<\/strong><\/p>\n<blockquote><p>\u201cAlkol\u00e5smodulen er en del av kvalitetssikringsarbeidet. Vi ser det som sv\u00e6rt viktig \u00e5 kunne unng\u00e5 denne typen<br \/>\nproblematikk som promille i arbeidet kan skape.\u201d<\/p><\/blockquote>\n<p><strong>\u2013 Lars-Ingvar Lampa, stabsjef ved redningstjenesten i Lule\u00e5<\/strong><\/p>\n<blockquote><p>Nerikes Brandk\u00e5r \u2013 Forn\u00f8yd kunde siden 2009<br \/>\nNerikes Brandk\u00e5r (\u00d6rebro og Byrsta) har valgt \u00e5 bruke v\u00e5r alkol\u00e5smodul for \u00e5 kvalitetssikre personalet. F\u00f8r hvert skift tar personalet, b\u00e5de dagtidsansatte og utrykningspersonale, en alkotest. Dette gj\u00f8res p\u00e5 en automatisert m\u00e5te, uten involvering av sjefer\/\u201doverv\u00e5kere\u201d.<\/p><\/blockquote>\n<p>&nbsp;<\/p>\n<p><strong><img decoding=\"async\" class=\"alignright size-medium wp-image-171\" src=\"http:\/\/79.170.42.2\/brasecurity.se\/wp-content\/uploads\/2015\/11\/Nerikes-Brandk--r_-Logo-300x136.gif\" sizes=\"(max-width: 300px) 100vw, 300px\" srcset=\"http:\/\/temp.domoln.com\/wp-content\/uploads\/2015\/11\/Nerikes-Brandk--r_-Logo-300x136.gif 300w, http:\/\/temp.domoln.com\/wp-content\/uploads\/2015\/11\/Nerikes-Brandk--r_-Logo-150x68.gif 150w, http:\/\/temp.domoln.com\/wp-content\/uploads\/2015\/11\/Nerikes-Brandk--r_-Logo-100x45.gif 100w\" alt=\"Nerikes Brandk\u00e5r_ Logo\" width=\"300\" height=\"136\" \/>Nerikes Brandk\u00e5r \u2013 N\u00f6jd kund sedan 2009<\/strong><\/p>\n<blockquote><p>Nerikes Brandk\u00e5r (\u00d6rebro och Byrsta) har valt att anv\u00e4nda v\u00e5r Alkol\u00e5smodul f\u00f6r att kvalitetss\u00e4kra sin personal. Inf\u00f6r varje skiftbyte genomf\u00f6r personalen, b\u00e5de dagtid och utryckningspersonal, nykterhetstest. Detta g\u00f6rs p\u00e5 ett automatiskt s\u00e4tt utan inblandning av chef\/\u201d\u00f6vervakare\u201d.<\/p><\/blockquote>\n","protected":false},"excerpt":{"rendered":"<p>For din og andres trygghet Med alkol\u00e5sterminalen f\u00e5r dere automatiserte alkotester der det hver dag sikres at alle medarbeidere er edru f\u00f8r de starter p\u00e5 arbeidet. Det skaper trygghet for &hellip;<\/p>\n","protected":false},"author":5,"featured_media":0,"parent":581,"menu_order":0,"comment_status":"closed","ping_status":"closed","template":"","meta":{"footnotes":""},"acf":[],"yoast_head":"<!-- This site is optimized with the Yoast SEO plugin v21.9.1 - https:\/\/yoast.com\/wordpress\/plugins\/seo\/ -->\n<title>Utrykningstjenesten - Brightec Security<\/title>\n<meta name=\"robots\" content=\"index, follow, max-snippet:-1, max-image-preview:large, max-video-preview:-1\" \/>\n<link rel=\"canonical\" href=\"https:\/\/temp.domoln.com\/no\/alkol\u00e5s\/utrykningstjenesten\/\" \/>\n<meta property=\"og:locale\" content=\"nb_NO\" \/>\n<meta property=\"og:type\" content=\"article\" \/>\n<meta property=\"og:title\" content=\"Utrykningstjenesten - Brightec Security\" \/>\n<meta property=\"og:description\" content=\"For din og andres trygghet Med alkol\u00e5sterminalen f\u00e5r dere automatiserte alkotester der det hver dag sikres at alle medarbeidere er edru f\u00f8r de starter p\u00e5 arbeidet. Det skaper trygghet for &hellip;\" \/>\n<meta property=\"og:url\" content=\"https:\/\/temp.domoln.com\/no\/alkol\u00e5s\/utrykningstjenesten\/\" \/>\n<meta property=\"og:site_name\" content=\"Brightec Security\" \/>\n<meta property=\"og:image\" content=\"http:\/\/79.170.42.2\/brasecurity.se\/wp-content\/uploads\/2015\/11\/Undersida_Utryckningstjaenst_700px-300x171.jpg\" \/>\n<meta name=\"twitter:card\" content=\"summary_large_image\" \/>\n<meta name=\"twitter:label1\" content=\"Ansl. lesetid\" \/>\n\t<meta name=\"twitter:data1\" content=\"1 minutt\" \/>\n<script type=\"application\/ld+json\" class=\"yoast-schema-graph\">{\"@context\":\"https:\/\/schema.org\",\"@graph\":[{\"@type\":\"WebPage\",\"@id\":\"https:\/\/temp.domoln.com\/no\/alkol%c3%a5s\/utrykningstjenesten\/\",\"url\":\"https:\/\/temp.domoln.com\/no\/alkol%c3%a5s\/utrykningstjenesten\/\",\"name\":\"Utrykningstjenesten - Brightec Security\",\"isPartOf\":{\"@id\":\"https:\/\/temp.domoln.com\/#website\"},\"datePublished\":\"2018-12-19T09:36:38+00:00\",\"dateModified\":\"2018-12-19T09:36:38+00:00\",\"breadcrumb\":{\"@id\":\"https:\/\/temp.domoln.com\/no\/alkol%c3%a5s\/utrykningstjenesten\/#breadcrumb\"},\"inLanguage\":\"nb-NO\",\"potentialAction\":[{\"@type\":\"ReadAction\",\"target\":[\"https:\/\/temp.domoln.com\/no\/alkol%c3%a5s\/utrykningstjenesten\/\"]}]},{\"@type\":\"BreadcrumbList\",\"@id\":\"https:\/\/temp.domoln.com\/no\/alkol%c3%a5s\/utrykningstjenesten\/#breadcrumb\",\"itemListElement\":[{\"@type\":\"ListItem\",\"position\":1,\"name\":\"Hem\",\"item\":\"https:\/\/temp.domoln.com\/no\/\"},{\"@type\":\"ListItem\",\"position\":2,\"name\":\"Alkol\u00e5s\",\"item\":\"https:\/\/temp.domoln.com\/no\/alkol%c3%a5s\/\"},{\"@type\":\"ListItem\",\"position\":3,\"name\":\"Utrykningstjenesten\"}]},{\"@type\":\"WebSite\",\"@id\":\"https:\/\/temp.domoln.com\/#website\",\"url\":\"https:\/\/temp.domoln.com\/\",\"name\":\"Brightec Security\",\"description\":\"Tryggare kan ingen vara\",\"potentialAction\":[{\"@type\":\"SearchAction\",\"target\":{\"@type\":\"EntryPoint\",\"urlTemplate\":\"https:\/\/temp.domoln.com\/?s={search_term_string}\"},\"query-input\":\"required name=search_term_string\"}],\"inLanguage\":\"nb-NO\"}]}<\/script>\n<!-- \/ Yoast SEO plugin. -->","yoast_head_json":{"title":"Utrykningstjenesten - Brightec Security","robots":{"index":"index","follow":"follow","max-snippet":"max-snippet:-1","max-image-preview":"max-image-preview:large","max-video-preview":"max-video-preview:-1"},"canonical":"https:\/\/temp.domoln.com\/no\/alkol\u00e5s\/utrykningstjenesten\/","og_locale":"nb_NO","og_type":"article","og_title":"Utrykningstjenesten - Brightec Security","og_description":"For din og andres trygghet Med alkol\u00e5sterminalen f\u00e5r dere automatiserte alkotester der det hver dag sikres at alle medarbeidere er edru f\u00f8r de starter p\u00e5 arbeidet. Det skaper trygghet for &hellip;","og_url":"https:\/\/temp.domoln.com\/no\/alkol\u00e5s\/utrykningstjenesten\/","og_site_name":"Brightec Security","og_image":[{"url":"http:\/\/79.170.42.2\/brasecurity.se\/wp-content\/uploads\/2015\/11\/Undersida_Utryckningstjaenst_700px-300x171.jpg"}],"twitter_card":"summary_large_image","twitter_misc":{"Ansl. lesetid":"1 minutt"},"schema":{"@context":"https:\/\/schema.org","@graph":[{"@type":"WebPage","@id":"https:\/\/temp.domoln.com\/no\/alkol%c3%a5s\/utrykningstjenesten\/","url":"https:\/\/temp.domoln.com\/no\/alkol%c3%a5s\/utrykningstjenesten\/","name":"Utrykningstjenesten - Brightec Security","isPartOf":{"@id":"https:\/\/temp.domoln.com\/#website"},"datePublished":"2018-12-19T09:36:38+00:00","dateModified":"2018-12-19T09:36:38+00:00","breadcrumb":{"@id":"https:\/\/temp.domoln.com\/no\/alkol%c3%a5s\/utrykningstjenesten\/#breadcrumb"},"inLanguage":"nb-NO","potentialAction":[{"@type":"ReadAction","target":["https:\/\/temp.domoln.com\/no\/alkol%c3%a5s\/utrykningstjenesten\/"]}]},{"@type":"BreadcrumbList","@id":"https:\/\/temp.domoln.com\/no\/alkol%c3%a5s\/utrykningstjenesten\/#breadcrumb","itemListElement":[{"@type":"ListItem","position":1,"name":"Hem","item":"https:\/\/temp.domoln.com\/no\/"},{"@type":"ListItem","position":2,"name":"Alkol\u00e5s","item":"https:\/\/temp.domoln.com\/no\/alkol%c3%a5s\/"},{"@type":"ListItem","position":3,"name":"Utrykningstjenesten"}]},{"@type":"WebSite","@id":"https:\/\/temp.domoln.com\/#website","url":"https:\/\/temp.domoln.com\/","name":"Brightec Security","description":"Tryggare kan ingen vara","potentialAction":[{"@type":"SearchAction","target":{"@type":"EntryPoint","urlTemplate":"https:\/\/temp.domoln.com\/?s={search_term_string}"},"query-input":"required name=search_term_string"}],"inLanguage":"nb-NO"}]}},"_links":{"self":[{"href":"https:\/\/temp.domoln.com\/no\/wp-json\/wp\/v2\/pages\/527"}],"collection":[{"href":"https:\/\/temp.domoln.com\/no\/wp-json\/wp\/v2\/pages"}],"about":[{"href":"https:\/\/temp.domoln.com\/no\/wp-json\/wp\/v2\/types\/page"}],"author":[{"embeddable":true,"href":"https:\/\/temp.domoln.com\/no\/wp-json\/wp\/v2\/users\/5"}],"replies":[{"embeddable":true,"href":"https:\/\/temp.domoln.com\/no\/wp-json\/wp\/v2\/comments?post=527"}],"version-history":[{"count":1,"href":"https:\/\/temp.domoln.com\/no\/wp-json\/wp\/v2\/pages\/527\/revisions"}],"predecessor-version":[{"id":528,"href":"https:\/\/temp.domoln.com\/no\/wp-json\/wp\/v2\/pages\/527\/revisions\/528"}],"up":[{"embeddable":true,"href":"https:\/\/temp.domoln.com\/no\/wp-json\/wp\/v2\/pages\/581"}],"wp:attachment":[{"href":"https:\/\/temp.domoln.com\/no\/wp-json\/wp\/v2\/media?parent=527"}],"curies":[{"name":"wp","href":"https:\/\/api.w.org\/{rel}","templated":true}]}}