{"id":508,"date":"2018-01-16T09:42:27","date_gmt":"2018-01-16T08:42:27","guid":{"rendered":"https:\/\/www.brasecurity.se\/om-oss\/"},"modified":"2021-04-07T10:59:27","modified_gmt":"2021-04-07T08:59:27","slug":"om-oss","status":"publish","type":"page","link":"https:\/\/temp.domoln.com\/no\/om-oss\/","title":{"rendered":"Brightec Security \u2013 Specialister p\u00e5 sikker n\u00f8kkelh\u00e5ndtering"},"content":{"rendered":"<p>Brightec Security har levert sikkerhetsl\u00f8sninger til svenske selskaper siden 1995. Etter ni \u00e5r valgte vi \u00e5 bli mer fokusert og begynte \u00e5 tilby sm\u00e5 og store selskaper ulike l\u00f8sninger innen n\u00f8kkelh\u00e5ndtering. I dag driver vi et selskap som tilbyr kundene alt fra standardl\u00f8sninger til skreddersydde systeml\u00f8sninger innen alkol\u00e5s samt n\u00f8kkel- og objekth\u00e5ndtering. Det som utmerker oss, er v\u00e5r personlige service, v\u00e5r helhetlige tankegang og v\u00e5rt engasjement i kunderelasjonen.<\/p>\n<p>I dag er vi 14 personer som jobber med sikker n\u00f8kkelh\u00e5ndtering. I \u201dBrightec-konsernet\u201d, som ogs\u00e5 eier Brightec Security AB, jobber det ytterligere ca. 35 personer. I \u00e5renes l\u00f8p har vi dratt stor nytte av hverandres spesialkompetanser.<\/p>\n<p>Brightec Securitys m\u00e5l har helt siden starten v\u00e6rt \u00e5, som helhetsleverand\u00f8r, tilby kundene:<\/p>\n<ul>\n<li style=\"list-style-type: none;\">\n<ul>\n<li>salg og konsultasjon<\/li>\n<li>r\u00e5dgivning<\/li>\n<li>prosjektledelse<\/li>\n<li>produksjon<\/li>\n<li>installasjon og idriftsetting<\/li>\n<li>oppl\u00e6ring<\/li>\n<li>support og service<\/li>\n<li>ettermarked<\/li>\n<\/ul>\n<\/li>\n<\/ul>\n<p>For \u00e5 lykkes som selskap m\u00e5 man tro p\u00e5 langsiktige relasjoner der begge parter f\u00f8ler seg som vinnere. Derfor ser vi hvert prosjekt som et samarbeid som bygger p\u00e5 transparens og hardt arbeid. Her forklarer vi i korthet hvordan vi jobber.<\/p>\n<p><strong>Salg<\/strong><\/p>\n<p>Helt siden starten har fokuset v\u00e6rt \u00e5 finne riktige l\u00f8sninger sammen med kunden. Gjennom \u00e5rene har vi tilegnet oss kunnskap, og nettverket vokser hele tiden. Det har gitt oss erfaring i alt fra mindre prosjekter til landsomfattende systemsalg.<\/p>\n<p><strong>Support<\/strong><\/p>\n<p>Ved eventuelle driftsbrudd er det viktig for oss at kunden f\u00e5r rask og effektiv hjelp. Vi har som m\u00e5l at noen alltid skal svare p\u00e5 telefonen, og derfor tilbyr vi tilpassede supportavtaler som dekker nettopp ditt behov. Noen av kundene har support mellom 08.00 og 16.00, men for deg som jobber d\u00f8gnet rundt, tilbyr vi support 24\/7 hele \u00e5ret.<\/p>\n<p><strong>Service<\/strong><\/p>\n<p>Serviceavdelingen er en betydelig del av Brightec Securitys organisasjon. Med riktig service utf\u00f8rt av kompetent personale \u00f8ker levetiden til produktene betydelig, noe som er bra b\u00e5de for deg og oss. Vi har som ambisjon \u00e5 v\u00e6re best i landet p\u00e5 service og support.<\/p>\n<p><strong>Utvikling<\/strong><\/p>\n<p>Som kunde er du en viktig del av utviklingen til Brightec Security. Mange av v\u00e5re l\u00f8sninger er nemlig utviklet ut fra behovene og problemene som kundene m\u00f8ter i hverdagen. Et eksempel er alkoskapet. I 2005 var vi de f\u00f8rste i verden til \u00e5 lansere alkoskap, og vi er fortsatt markedsledende p\u00e5 denne typen l\u00f8sninger. Alkoskapet er et elektronisk n\u00f8kkelskap som effektivt kontrollerer at sj\u00e5f\u00f8rene er edru f\u00f8r de kan hente ut en biln\u00f8kkel. Denne l\u00f8sningen ble utviklet for \u00e5 l\u00f8se et stort problem hos en av v\u00e5re kunder, og den tilbys n\u00e5 til alle kunder over hele landet.<\/p>\n<p><strong>Sertifiseringer<\/strong><\/p>\n<p>Eng: <a href=\"http:\/\/temp.domoln.com\/wp-content\/uploads\/2018\/08\/00005750-001-00005751-001-00005752-001-QMS-OHSAS-EMS-ENGUS-UKAS.pdf\">ISO 14001:2015 | ISO 9001:2015 | OHSAS 18001:200<\/a><\/p>\n<p>Swe: <a href=\"http:\/\/temp.domoln.com\/wp-content\/uploads\/2018\/08\/00005750-001-00005751-001-00005752-001-QMS-OHSAS-EMS-SWESE-UKAS.pdf\">ISO 14001:2015 | ISO 9001:2015 | OHSAS 18001:2007<\/a><\/p>\n<p><strong>Brightec Security \u00e4r en del av Brightec Group koncernen<\/strong><\/p>\n<p><a href=\"https:\/\/brightecgroup.com\/\"><img decoding=\"async\" class=\"alignnone wp-image-997 size-full\" src=\"https:\/\/temp.domoln.com\/wp-content\/uploads\/2020\/09\/BrightecGroup_RGB-kopia.png\" alt=\"\" width=\"300\" height=\"76\" \/><\/a><\/p>\n<p><strong>De andra bolagen i koncernen<\/strong><\/p>\n<p><a href=\"https:\/\/www.brightectime.com\/\"><img decoding=\"async\" class=\"alignnone wp-image-986 size-full\" src=\"https:\/\/temp.domoln.com\/wp-content\/uploads\/2020\/09\/BrightecTime_RGB-kopia.png\" alt=\"\" width=\"300\" height=\"76\" \/><\/a><\/p>\n<p><a href=\"https:\/\/www.brightecproduction.com\/\"><img decoding=\"async\" class=\"alignnone wp-image-988 size-full\" src=\"https:\/\/temp.domoln.com\/wp-content\/uploads\/2020\/09\/BrightecProduction_RGB-kopia-2.png\" alt=\"\" width=\"300\" height=\"76\" \/><\/a><\/p>\n","protected":false},"excerpt":{"rendered":"<p>Brightec Security har levert sikkerhetsl\u00f8sninger til svenske selskaper siden 1995. Etter ni \u00e5r valgte vi \u00e5 bli mer fokusert og begynte \u00e5 tilby sm\u00e5 og store selskaper ulike l\u00f8sninger innen &hellip;<\/p>\n","protected":false},"author":5,"featured_media":0,"parent":0,"menu_order":60,"comment_status":"closed","ping_status":"closed","template":"","meta":{"footnotes":""},"acf":[],"yoast_head":"<!-- This site is optimized with the Yoast SEO plugin v21.9.1 - https:\/\/yoast.com\/wordpress\/plugins\/seo\/ -->\n<title>Om oss - Specialister p\u00e5 s\u00e4ker nyckelhantering - Brightec Security<\/title>\n<meta name=\"robots\" content=\"index, follow, max-snippet:-1, max-image-preview:large, max-video-preview:-1\" \/>\n<link rel=\"canonical\" href=\"https:\/\/temp.domoln.com\/no\/om-oss\/\" \/>\n<meta property=\"og:locale\" content=\"nb_NO\" \/>\n<meta property=\"og:type\" content=\"article\" \/>\n<meta property=\"og:title\" content=\"Om oss - Specialister p\u00e5 s\u00e4ker nyckelhantering - Brightec Security\" \/>\n<meta property=\"og:description\" content=\"Brightec Security har levert sikkerhetsl\u00f8sninger til svenske selskaper siden 1995. Etter ni \u00e5r valgte vi \u00e5 bli mer fokusert og begynte \u00e5 tilby sm\u00e5 og store selskaper ulike l\u00f8sninger innen &hellip;\" \/>\n<meta property=\"og:url\" content=\"https:\/\/temp.domoln.com\/no\/om-oss\/\" \/>\n<meta property=\"og:site_name\" content=\"Brightec Security\" \/>\n<meta property=\"article:modified_time\" content=\"2021-04-07T08:59:27+00:00\" \/>\n<meta property=\"og:image\" content=\"https:\/\/temp.domoln.com\/wp-content\/uploads\/2020\/09\/BrightecGroup_RGB-kopia.png\" \/>\n<meta name=\"twitter:card\" content=\"summary_large_image\" \/>\n<meta name=\"twitter:label1\" content=\"Ansl. lesetid\" \/>\n\t<meta name=\"twitter:data1\" content=\"2 minutter\" \/>\n<script type=\"application\/ld+json\" class=\"yoast-schema-graph\">{\"@context\":\"https:\/\/schema.org\",\"@graph\":[{\"@type\":\"WebPage\",\"@id\":\"https:\/\/temp.domoln.com\/no\/om-oss\/\",\"url\":\"https:\/\/temp.domoln.com\/no\/om-oss\/\",\"name\":\"Om oss - Specialister p\u00e5 s\u00e4ker nyckelhantering - Brightec Security\",\"isPartOf\":{\"@id\":\"https:\/\/temp.domoln.com\/#website\"},\"datePublished\":\"2018-01-16T08:42:27+00:00\",\"dateModified\":\"2021-04-07T08:59:27+00:00\",\"breadcrumb\":{\"@id\":\"https:\/\/temp.domoln.com\/no\/om-oss\/#breadcrumb\"},\"inLanguage\":\"nb-NO\",\"potentialAction\":[{\"@type\":\"ReadAction\",\"target\":[\"https:\/\/temp.domoln.com\/no\/om-oss\/\"]}]},{\"@type\":\"BreadcrumbList\",\"@id\":\"https:\/\/temp.domoln.com\/no\/om-oss\/#breadcrumb\",\"itemListElement\":[{\"@type\":\"ListItem\",\"position\":1,\"name\":\"Hem\",\"item\":\"https:\/\/temp.domoln.com\/no\/\"},{\"@type\":\"ListItem\",\"position\":2,\"name\":\"Brightec Security \u2013 Specialister p\u00e5 sikker n\u00f8kkelh\u00e5ndtering\"}]},{\"@type\":\"WebSite\",\"@id\":\"https:\/\/temp.domoln.com\/#website\",\"url\":\"https:\/\/temp.domoln.com\/\",\"name\":\"Brightec Security\",\"description\":\"Tryggare kan ingen vara\",\"potentialAction\":[{\"@type\":\"SearchAction\",\"target\":{\"@type\":\"EntryPoint\",\"urlTemplate\":\"https:\/\/temp.domoln.com\/?s={search_term_string}\"},\"query-input\":\"required name=search_term_string\"}],\"inLanguage\":\"nb-NO\"}]}<\/script>\n<!-- \/ Yoast SEO plugin. -->","yoast_head_json":{"title":"Om oss - Specialister p\u00e5 s\u00e4ker nyckelhantering - Brightec Security","robots":{"index":"index","follow":"follow","max-snippet":"max-snippet:-1","max-image-preview":"max-image-preview:large","max-video-preview":"max-video-preview:-1"},"canonical":"https:\/\/temp.domoln.com\/no\/om-oss\/","og_locale":"nb_NO","og_type":"article","og_title":"Om oss - Specialister p\u00e5 s\u00e4ker nyckelhantering - Brightec Security","og_description":"Brightec Security har levert sikkerhetsl\u00f8sninger til svenske selskaper siden 1995. Etter ni \u00e5r valgte vi \u00e5 bli mer fokusert og begynte \u00e5 tilby sm\u00e5 og store selskaper ulike l\u00f8sninger innen &hellip;","og_url":"https:\/\/temp.domoln.com\/no\/om-oss\/","og_site_name":"Brightec Security","article_modified_time":"2021-04-07T08:59:27+00:00","og_image":[{"url":"https:\/\/temp.domoln.com\/wp-content\/uploads\/2020\/09\/BrightecGroup_RGB-kopia.png"}],"twitter_card":"summary_large_image","twitter_misc":{"Ansl. lesetid":"2 minutter"},"schema":{"@context":"https:\/\/schema.org","@graph":[{"@type":"WebPage","@id":"https:\/\/temp.domoln.com\/no\/om-oss\/","url":"https:\/\/temp.domoln.com\/no\/om-oss\/","name":"Om oss - Specialister p\u00e5 s\u00e4ker nyckelhantering - Brightec Security","isPartOf":{"@id":"https:\/\/temp.domoln.com\/#website"},"datePublished":"2018-01-16T08:42:27+00:00","dateModified":"2021-04-07T08:59:27+00:00","breadcrumb":{"@id":"https:\/\/temp.domoln.com\/no\/om-oss\/#breadcrumb"},"inLanguage":"nb-NO","potentialAction":[{"@type":"ReadAction","target":["https:\/\/temp.domoln.com\/no\/om-oss\/"]}]},{"@type":"BreadcrumbList","@id":"https:\/\/temp.domoln.com\/no\/om-oss\/#breadcrumb","itemListElement":[{"@type":"ListItem","position":1,"name":"Hem","item":"https:\/\/temp.domoln.com\/no\/"},{"@type":"ListItem","position":2,"name":"Brightec Security \u2013 Specialister p\u00e5 sikker n\u00f8kkelh\u00e5ndtering"}]},{"@type":"WebSite","@id":"https:\/\/temp.domoln.com\/#website","url":"https:\/\/temp.domoln.com\/","name":"Brightec Security","description":"Tryggare kan ingen vara","potentialAction":[{"@type":"SearchAction","target":{"@type":"EntryPoint","urlTemplate":"https:\/\/temp.domoln.com\/?s={search_term_string}"},"query-input":"required name=search_term_string"}],"inLanguage":"nb-NO"}]}},"_links":{"self":[{"href":"https:\/\/temp.domoln.com\/no\/wp-json\/wp\/v2\/pages\/508"}],"collection":[{"href":"https:\/\/temp.domoln.com\/no\/wp-json\/wp\/v2\/pages"}],"about":[{"href":"https:\/\/temp.domoln.com\/no\/wp-json\/wp\/v2\/types\/page"}],"author":[{"embeddable":true,"href":"https:\/\/temp.domoln.com\/no\/wp-json\/wp\/v2\/users\/5"}],"replies":[{"embeddable":true,"href":"https:\/\/temp.domoln.com\/no\/wp-json\/wp\/v2\/comments?post=508"}],"version-history":[{"count":5,"href":"https:\/\/temp.domoln.com\/no\/wp-json\/wp\/v2\/pages\/508\/revisions"}],"predecessor-version":[{"id":1314,"href":"https:\/\/temp.domoln.com\/no\/wp-json\/wp\/v2\/pages\/508\/revisions\/1314"}],"wp:attachment":[{"href":"https:\/\/temp.domoln.com\/no\/wp-json\/wp\/v2\/media?parent=508"}],"curies":[{"name":"wp","href":"https:\/\/api.w.org\/{rel}","templated":true}]}}