{"id":501,"date":"2018-01-16T09:32:38","date_gmt":"2018-01-16T08:32:38","guid":{"rendered":"https:\/\/www.brasecurity.se\/nyckelhantering\/"},"modified":"2018-12-20T14:43:25","modified_gmt":"2018-12-20T13:43:25","slug":"nyckelhantering","status":"publish","type":"page","link":"https:\/\/temp.domoln.com\/no\/nyckelhantering\/","title":{"rendered":"N\u00f8kkelh\u00e5ndtering"},"content":{"rendered":"<p>Tid er en stor mangelvare i de fleste organisasjoner. En manuell n\u00f8kkelh\u00e5ndtering tar fort altfor mye tid, skaper uorden og \u00f8ker faren for at n\u00f8kler forsvinner. Mange vet fortsatt ikke at det finnes elektroniske n\u00f8kkelskap med smarte digitale l\u00f8sninger. V\u00e5re systemer gj\u00f8r at du kan ha kontroll p\u00e5 hvor n\u00f8klene er, hvem som brukte dem sist og n\u00e5r de skal leveres tilbake.<\/p>\n<p>N\u00e5r du g\u00e5r over til et automatisert n\u00f8kkelh\u00e5ndteringssystem, frigj\u00f8r du verdifull arbeidstid og \u00f8ker tryggheten b\u00e5de for deg selv, dine ansatte og kundene n\u00f8klene g\u00e5r til.<\/p>\n<p><img decoding=\"async\" class=\"alignright size-medium wp-image-225\" src=\"http:\/\/temp.domoln.com\/wp-content\/uploads\/2018\/03\/alkolas-200x300.jpg\" alt=\"\" width=\"200\" height=\"300\" srcset=\"https:\/\/temp.domoln.com\/wp-content\/uploads\/2018\/03\/alkolas-200x300.jpg 200w, https:\/\/temp.domoln.com\/wp-content\/uploads\/2018\/03\/alkolas.jpg 500w\" sizes=\"(max-width: 200px) 100vw, 200px\" \/> V\u00e5r ambisjon er \u00e5 hjelpe kundene med \u00e5 skape orden og ryddighet. En sikker og trygg h\u00e5ndtering med sporbarhet p\u00e5 n\u00f8kkelniv\u00e5 og brukerniv\u00e5 gir kundene bedre kontroll p\u00e5 virksomheten. Sammen med kunden gj\u00f8r vi en grundig analyse og evaluering av dagens situasjon, slik at vi ved hjelp av de ulike sikre og smarte n\u00f8kkelskapene og programmene kan presentere en komplett l\u00f8sning.<\/p>\n<p><strong>N\u00f8kkelskap med alkol\u00e5s<\/strong><\/p>\n<p>N\u00e5r man installerer en alkol\u00e5s, handler det ikke om at man mistror de ansatte. Det handler derimot om \u00e5 v\u00e6re proaktiv, \u00e5 ta ansvar og \u00e5 skape en trygg og sikker arbeidsplass. V\u00e5re systemer bygger p\u00e5 rutiner der den samme f\u00f8reren henter og leverer tilbake n\u00f8kkelen, der han eller hun m\u00e5 bl\u00e5se begge ganger for \u00e5 kunne \u00e5pne skapet. Hvis en person mot formodning skulle v\u00e6re p\u00e5virket, \u00e5pnes ikke skapet, og informasjonen sendes videre til den som har personalansvaret i selskapet.<\/p>\n<p><strong>Elektroniske n\u00f8kkelskap<\/strong><\/p>\n<p>Elektroniske n\u00f8kkelskap brukes i en rekke ulike bransjer og er ekstra gunstig hvis flere trenger<\/p>\n<p>tilgang til de samme n\u00f8klene. Vi har kunder innen bl.a.:<\/p>\n<ul>\n<li><a href=\"http:\/\/temp.domoln.com\/no\/nyckelhantering\/fastighet\/\">eiendomsbransjen<\/a><\/li>\n<li><a href=\"http:\/\/temp.domoln.com\/no\/nyckelhantering\/energibolag\/\">energibransjen<\/a><\/li>\n<li><a href=\"http:\/\/temp.domoln.com\/no\/nyckelhantering\/aldrevard\/\">eldreomsorgen<\/a><\/li>\n<li>hjemmetjenesten<\/li>\n<li>servicebransjen<\/li>\n<li>transportbransjen<\/li>\n<\/ul>\n<p><a href=\"http:\/\/temp.domoln.com\/no\/case\/\">Her kan du lese<\/a> hva noen av v\u00e5re kunder synes om v\u00e5re n\u00f8kkelh\u00e5ndteringsl\u00f8sninger.<\/p>\n<p>&nbsp;<\/p>\n<p><strong>Se videoen om sikker n\u00f8kkelh\u00e5ndtering for hjemmetjenesten<\/strong><\/p>\n<p><iframe width=\"500\" height=\"281\" src=\"https:\/\/www.youtube.com\/embed\/b25owENJek8?feature=oembed\" frameborder=\"0\" allow=\"accelerometer; autoplay; encrypted-media; gyroscope; picture-in-picture\" allowfullscreen><\/iframe><\/p>\n","protected":false},"excerpt":{"rendered":"<p>Tid er en stor mangelvare i de fleste organisasjoner. En manuell n\u00f8kkelh\u00e5ndtering tar fort altfor mye tid, skaper uorden og \u00f8ker faren for at n\u00f8kler forsvinner. Mange vet fortsatt ikke &hellip;<\/p>\n","protected":false},"author":5,"featured_media":0,"parent":0,"menu_order":10,"comment_status":"closed","ping_status":"closed","template":"","meta":{"footnotes":""},"acf":[],"yoast_head":"<!-- This site is optimized with the Yoast SEO plugin v21.9.1 - https:\/\/yoast.com\/wordpress\/plugins\/seo\/ -->\n<title>Nyckelhantering &amp; elektroniska nyckelsk\u00e5p - Brightec Security<\/title>\n<meta name=\"robots\" content=\"index, follow, max-snippet:-1, max-image-preview:large, max-video-preview:-1\" \/>\n<link rel=\"canonical\" href=\"https:\/\/temp.domoln.com\/no\/nyckelhantering\/\" \/>\n<meta property=\"og:locale\" content=\"nb_NO\" \/>\n<meta property=\"og:type\" content=\"article\" \/>\n<meta property=\"og:title\" content=\"Nyckelhantering &amp; elektroniska nyckelsk\u00e5p - Brightec Security\" \/>\n<meta property=\"og:description\" content=\"Tid er en stor mangelvare i de fleste organisasjoner. En manuell n\u00f8kkelh\u00e5ndtering tar fort altfor mye tid, skaper uorden og \u00f8ker faren for at n\u00f8kler forsvinner. Mange vet fortsatt ikke &hellip;\" \/>\n<meta property=\"og:url\" content=\"https:\/\/temp.domoln.com\/no\/nyckelhantering\/\" \/>\n<meta property=\"og:site_name\" content=\"Brightec Security\" \/>\n<meta property=\"article:modified_time\" content=\"2018-12-20T13:43:25+00:00\" \/>\n<meta property=\"og:image\" content=\"http:\/\/temp.domoln.com\/wp-content\/uploads\/2018\/03\/alkolas-200x300.jpg\" \/>\n<meta name=\"twitter:card\" content=\"summary_large_image\" \/>\n<meta name=\"twitter:label1\" content=\"Ansl. lesetid\" \/>\n\t<meta name=\"twitter:data1\" content=\"2 minutter\" \/>\n<script type=\"application\/ld+json\" class=\"yoast-schema-graph\">{\"@context\":\"https:\/\/schema.org\",\"@graph\":[{\"@type\":\"WebPage\",\"@id\":\"https:\/\/temp.domoln.com\/no\/nyckelhantering\/\",\"url\":\"https:\/\/temp.domoln.com\/no\/nyckelhantering\/\",\"name\":\"Nyckelhantering & elektroniska nyckelsk\u00e5p - Brightec Security\",\"isPartOf\":{\"@id\":\"https:\/\/temp.domoln.com\/#website\"},\"datePublished\":\"2018-01-16T08:32:38+00:00\",\"dateModified\":\"2018-12-20T13:43:25+00:00\",\"breadcrumb\":{\"@id\":\"https:\/\/temp.domoln.com\/no\/nyckelhantering\/#breadcrumb\"},\"inLanguage\":\"nb-NO\",\"potentialAction\":[{\"@type\":\"ReadAction\",\"target\":[\"https:\/\/temp.domoln.com\/no\/nyckelhantering\/\"]}]},{\"@type\":\"BreadcrumbList\",\"@id\":\"https:\/\/temp.domoln.com\/no\/nyckelhantering\/#breadcrumb\",\"itemListElement\":[{\"@type\":\"ListItem\",\"position\":1,\"name\":\"Hem\",\"item\":\"https:\/\/temp.domoln.com\/no\/\"},{\"@type\":\"ListItem\",\"position\":2,\"name\":\"N\u00f8kkelh\u00e5ndtering\"}]},{\"@type\":\"WebSite\",\"@id\":\"https:\/\/temp.domoln.com\/#website\",\"url\":\"https:\/\/temp.domoln.com\/\",\"name\":\"Brightec Security\",\"description\":\"Tryggare kan ingen vara\",\"potentialAction\":[{\"@type\":\"SearchAction\",\"target\":{\"@type\":\"EntryPoint\",\"urlTemplate\":\"https:\/\/temp.domoln.com\/?s={search_term_string}\"},\"query-input\":\"required name=search_term_string\"}],\"inLanguage\":\"nb-NO\"}]}<\/script>\n<!-- \/ Yoast SEO plugin. -->","yoast_head_json":{"title":"Nyckelhantering & elektroniska nyckelsk\u00e5p - Brightec Security","robots":{"index":"index","follow":"follow","max-snippet":"max-snippet:-1","max-image-preview":"max-image-preview:large","max-video-preview":"max-video-preview:-1"},"canonical":"https:\/\/temp.domoln.com\/no\/nyckelhantering\/","og_locale":"nb_NO","og_type":"article","og_title":"Nyckelhantering & elektroniska nyckelsk\u00e5p - Brightec Security","og_description":"Tid er en stor mangelvare i de fleste organisasjoner. En manuell n\u00f8kkelh\u00e5ndtering tar fort altfor mye tid, skaper uorden og \u00f8ker faren for at n\u00f8kler forsvinner. Mange vet fortsatt ikke &hellip;","og_url":"https:\/\/temp.domoln.com\/no\/nyckelhantering\/","og_site_name":"Brightec Security","article_modified_time":"2018-12-20T13:43:25+00:00","og_image":[{"url":"http:\/\/temp.domoln.com\/wp-content\/uploads\/2018\/03\/alkolas-200x300.jpg"}],"twitter_card":"summary_large_image","twitter_misc":{"Ansl. lesetid":"2 minutter"},"schema":{"@context":"https:\/\/schema.org","@graph":[{"@type":"WebPage","@id":"https:\/\/temp.domoln.com\/no\/nyckelhantering\/","url":"https:\/\/temp.domoln.com\/no\/nyckelhantering\/","name":"Nyckelhantering & elektroniska nyckelsk\u00e5p - Brightec Security","isPartOf":{"@id":"https:\/\/temp.domoln.com\/#website"},"datePublished":"2018-01-16T08:32:38+00:00","dateModified":"2018-12-20T13:43:25+00:00","breadcrumb":{"@id":"https:\/\/temp.domoln.com\/no\/nyckelhantering\/#breadcrumb"},"inLanguage":"nb-NO","potentialAction":[{"@type":"ReadAction","target":["https:\/\/temp.domoln.com\/no\/nyckelhantering\/"]}]},{"@type":"BreadcrumbList","@id":"https:\/\/temp.domoln.com\/no\/nyckelhantering\/#breadcrumb","itemListElement":[{"@type":"ListItem","position":1,"name":"Hem","item":"https:\/\/temp.domoln.com\/no\/"},{"@type":"ListItem","position":2,"name":"N\u00f8kkelh\u00e5ndtering"}]},{"@type":"WebSite","@id":"https:\/\/temp.domoln.com\/#website","url":"https:\/\/temp.domoln.com\/","name":"Brightec Security","description":"Tryggare kan ingen vara","potentialAction":[{"@type":"SearchAction","target":{"@type":"EntryPoint","urlTemplate":"https:\/\/temp.domoln.com\/?s={search_term_string}"},"query-input":"required name=search_term_string"}],"inLanguage":"nb-NO"}]}},"_links":{"self":[{"href":"https:\/\/temp.domoln.com\/no\/wp-json\/wp\/v2\/pages\/501"}],"collection":[{"href":"https:\/\/temp.domoln.com\/no\/wp-json\/wp\/v2\/pages"}],"about":[{"href":"https:\/\/temp.domoln.com\/no\/wp-json\/wp\/v2\/types\/page"}],"author":[{"embeddable":true,"href":"https:\/\/temp.domoln.com\/no\/wp-json\/wp\/v2\/users\/5"}],"replies":[{"embeddable":true,"href":"https:\/\/temp.domoln.com\/no\/wp-json\/wp\/v2\/comments?post=501"}],"version-history":[{"count":5,"href":"https:\/\/temp.domoln.com\/no\/wp-json\/wp\/v2\/pages\/501\/revisions"}],"predecessor-version":[{"id":781,"href":"https:\/\/temp.domoln.com\/no\/wp-json\/wp\/v2\/pages\/501\/revisions\/781"}],"wp:attachment":[{"href":"https:\/\/temp.domoln.com\/no\/wp-json\/wp\/v2\/media?parent=501"}],"curies":[{"name":"wp","href":"https:\/\/api.w.org\/{rel}","templated":true}]}}